{"id":4668,"date":"2024-06-11T14:29:13","date_gmt":"2024-06-11T14:29:13","guid":{"rendered":"https:\/\/www.fondazionemaddalenagrassi.it\/ofertas\/"},"modified":"2024-10-08T21:03:00","modified_gmt":"2024-10-08T21:03:00","slug":"ofertas","status":"publish","type":"page","link":"https:\/\/www.fondazionemaddalenagrassi.it\/es\/ofertas\/","title":{"rendered":"Ofertas"},"content":{"rendered":"\t\t<div data-elementor-type=\"wp-page\" data-elementor-id=\"4668\" class=\"elementor elementor-4668 elementor-480\" data-elementor-post-type=\"page\">\n\t\t\t\t<div class=\"elementor-element elementor-element-2c9da562 e-flex e-con-boxed e-con e-parent\" data-id=\"2c9da562\" data-element_type=\"container\" data-e-type=\"container\">\n\t\t\t\t\t<div class=\"e-con-inner\">\n\t\t<div class=\"elementor-element elementor-element-353de3b e-con-full e-flex e-con e-child\" data-id=\"353de3b\" data-element_type=\"container\" data-e-type=\"container\">\n\t\t\t\t<div class=\"elementor-element elementor-element-cf5ce31 elementor-widget elementor-widget-heading\" data-id=\"cf5ce31\" data-element_type=\"widget\" data-e-type=\"widget\" data-widget_type=\"heading.default\">\n\t\t\t\t<div class=\"elementor-widget-container\">\n\t\t\t\t\t<h1 class=\"elementor-heading-title elementor-size-default\">Trabaja con nosotros<\/h1>\t\t\t\t<\/div>\n\t\t\t\t<\/div>\n\t\t\t\t<div class=\"elementor-element elementor-element-39a2a46 elementor-widget-divider--view-line elementor-widget elementor-widget-divider\" data-id=\"39a2a46\" data-element_type=\"widget\" data-e-type=\"widget\" data-widget_type=\"divider.default\">\n\t\t\t\t<div class=\"elementor-widget-container\">\n\t\t\t\t\t\t\t<div class=\"elementor-divider\">\n\t\t\t<span class=\"elementor-divider-separator\">\n\t\t\t\t\t\t<\/span>\n\t\t<\/div>\n\t\t\t\t\t\t<\/div>\n\t\t\t\t<\/div>\n\t\t\t\t<\/div>\n\t\t\t\t<div class=\"elementor-element elementor-element-12f9d42 elementor-widget elementor-widget-text-editor\" data-id=\"12f9d42\" data-element_type=\"widget\" data-e-type=\"widget\" data-widget_type=\"text-editor.default\">\n\t\t\t\t<div class=\"elementor-widget-container\">\n\t\t\t\t\t\t\t\t\t<h5>En la Fundaci\u00f3n Maddalena Grassi nos esforzamos cada d\u00eda por ofrecer una atenci\u00f3n humana, profesional y de calidad que realmente pueda marcar la diferencia en la vida de las personas. Adem\u00e1s, estamos firmemente convencidos de que el bienestar de nuestros pacientes tambi\u00e9n depende del bienestar de nuestros operadores.<\/h5>\n<h5><strong>Descubra los puestos vacantes y \u00fanase a nuestra misi\u00f3n asistencial<\/strong><\/ h5><\/p>\n\t\t\t\t\t\t\t\t<\/div>\n\t\t\t\t<\/div>\n\t\t\t\t<div class=\"elementor-element elementor-element-574e252d elementor-widget elementor-widget-shortcode\" data-id=\"574e252d\" data-element_type=\"widget\" data-e-type=\"widget\" data-widget_type=\"shortcode.default\">\n\t\t\t\t<div class=\"elementor-widget-container\">\n\t\t\t\t\t\t\t<div class=\"elementor-shortcode\"><div class=\"job_listings\" data-location=\"\" data-keywords=\"\" data-show_filters=\"true\" data-show_pagination=\"true\" data-per_page=\"10\" data-orderby=\"featured\" data-order=\"DESC\" data-categories=\"\" data-disable-form-state-storage=\"\" data-featured_first=\"false\" data-post_id=\"4668\" >\n<form class=\"job_filters\">\n\t\n\t<div class=\"search_jobs\">\n\t\t\n\t\t<div class=\"search_keywords\">\n\t\t\t<label for=\"search_keywords\">Palabras clave<\/label>\n\t\t\t<input type=\"text\" name=\"search_keywords\" id=\"search_keywords\" placeholder=\"Palabras clave\" value=\"\" \/>\n\t\t<\/div>\n\n\t\t<div class=\"search_location\">\n\t\t\t<label for=\"search_location\">Ubicaci\u00f3n<\/label>\n\t\t\t<input type=\"text\" name=\"search_location\" id=\"search_location\" placeholder=\"Ubicaci\u00f3n\" value=\"\" \/>\n\t\t<\/div>\n\n\t\t\t\t\t<div class=\"search_remote_position\">\n\t\t\t\t<input type=\"checkbox\" class=\"input-checkbox\" name=\"remote_position\" id=\"remote_position\" placeholder=\"Ubicaci\u00f3n\" value=\"1\"  \/>\n\t\t\t\t<label for=\"remote_position\" id=\"remote_position_label\">Solo puestos en remoto<\/label>\n\t\t\t<\/div>\n\t\t\n\t\t<div style=\"clear: both\"><\/div>\n\n\t\t\n\t\t\t\t\t<div class=\"search_submit\">\n\t\t\t\t<input type=\"submit\" value=\"Buscar trabajos\">\n\t\t\t<\/div>\n\t\t\n\t\t\t<\/div>\n\n\t\t<ul class=\"job_types\">\n\t\t\t<\/ul>\n\t<input type=\"hidden\" name=\"filter_job_type[]\" value=\"\" \/>\n<div class=\"showing_jobs\"><\/div><\/form>\n\n\n<noscript>Tu navegador no es compatible con JavaScript o est\u00e1 desactivado. JavaScript debe estar activado para poder ver las ofertas.<\/noscript>\n<ul class=\"job_listings\">\n<\/ul>\n<\/div><\/div>\n\t\t\t\t\t\t<\/div>\n\t\t\t\t<\/div>\n\t\t\t\t\t<\/div>\n\t\t\t\t<\/div>\n\t\t<div class=\"elementor-element elementor-element-de45df2 e-flex e-con-boxed e-con e-parent\" data-id=\"de45df2\" data-element_type=\"container\" data-e-type=\"container\" data-settings=\"{&quot;background_background&quot;:&quot;classic&quot;}\">\n\t\t\t\t\t<div class=\"e-con-inner\">\n\t\t\t\t<div class=\"elementor-element elementor-element-fe8d572 elementor-widget elementor-widget-heading\" data-id=\"fe8d572\" data-element_type=\"widget\" data-e-type=\"widget\" data-widget_type=\"heading.default\">\n\t\t\t\t<div class=\"elementor-widget-container\">\n\t\t\t\t\t<h2 class=\"elementor-heading-title elementor-size-default\">Aplicaci\u00f3n espont\u00e1nea<\/h2>\t\t\t\t<\/div>\n\t\t\t\t<\/div>\n\t\t\t\t<div class=\"elementor-element elementor-element-78a58c1 elementor-button-align-stretch elementor-widget elementor-widget-form\" data-id=\"78a58c1\" data-element_type=\"widget\" data-e-type=\"widget\" data-settings=\"{&quot;step_next_label&quot;:&quot;Successivo&quot;,&quot;step_previous_label&quot;:&quot;Precedente&quot;,&quot;button_width&quot;:&quot;30&quot;,&quot;step_type&quot;:&quot;number_text&quot;,&quot;step_icon_shape&quot;:&quot;circle&quot;}\" data-widget_type=\"form.default\">\n\t\t\t\t<div class=\"elementor-widget-container\">\n\t\t\t\t\t\t\t<form class=\"elementor-form\" method=\"post\" name=\"Nuovo modulo\" aria-label=\"Nuovo modulo\">\n\t\t\t<input type=\"hidden\" name=\"post_id\" value=\"4668\"\/>\n\t\t\t<input type=\"hidden\" name=\"form_id\" value=\"78a58c1\"\/>\n\t\t\t<input type=\"hidden\" name=\"referer_title\" value=\"Ofertas - Fondazione Maddalena Grassi\" \/>\n\n\t\t\t\t\t\t\t<input type=\"hidden\" name=\"queried_id\" value=\"4668\"\/>\n\t\t\t\n\t\t\t<div class=\"elementor-form-fields-wrapper elementor-labels-above\">\n\t\t\t\t\t\t\t\t<div class=\"elementor-field-type-text elementor-field-group elementor-column elementor-field-group-name elementor-col-50 elementor-field-required elementor-mark-required\">\n\t\t\t\t\t\t\t\t\t\t\t\t\t<input size=\"1\" type=\"text\" name=\"form_fields[name]\" id=\"form-field-name\" class=\"elementor-field elementor-size-md  elementor-field-textual\" placeholder=\"Nombre\" required=\"required\">\n\t\t\t\t\t\t\t\t\t\t\t<\/div>\n\t\t\t\t\t\t\t\t<div class=\"elementor-field-type-text elementor-field-group elementor-column elementor-field-group-field_1ca5e1c elementor-col-50 elementor-field-required elementor-mark-required\">\n\t\t\t\t\t\t\t\t\t\t\t\t\t<input size=\"1\" type=\"text\" name=\"form_fields[field_1ca5e1c]\" id=\"form-field-field_1ca5e1c\" class=\"elementor-field elementor-size-md  elementor-field-textual\" placeholder=\"Apellido\" required=\"required\">\n\t\t\t\t\t\t\t\t\t\t\t<\/div>\n\t\t\t\t\t\t\t\t<div class=\"elementor-field-type-email elementor-field-group elementor-column elementor-field-group-email elementor-col-50 elementor-field-required elementor-mark-required\">\n\t\t\t\t\t\t\t\t\t\t\t\t\t<input size=\"1\" type=\"email\" name=\"form_fields[email]\" id=\"form-field-email\" class=\"elementor-field elementor-size-md  elementor-field-textual\" placeholder=\"Email\" required=\"required\">\n\t\t\t\t\t\t\t\t\t\t\t<\/div>\n\t\t\t\t\t\t\t\t<div class=\"elementor-field-type-text elementor-field-group elementor-column elementor-field-group-field_773e732 elementor-col-50 elementor-field-required elementor-mark-required\">\n\t\t\t\t\t\t\t\t\t\t\t\t\t<input size=\"1\" type=\"text\" name=\"form_fields[field_773e732]\" id=\"form-field-field_773e732\" class=\"elementor-field elementor-size-md  elementor-field-textual\" placeholder=\"N\u00famero telef\u00f3nico\" required=\"required\">\n\t\t\t\t\t\t\t\t\t\t\t<\/div>\n\t\t\t\t\t\t\t\t<div class=\"elementor-field-type-textarea elementor-field-group elementor-column elementor-field-group-message elementor-col-100\">\n\t\t\t\t\t<textarea class=\"elementor-field-textual elementor-field  elementor-size-md\" name=\"form_fields[message]\" id=\"form-field-message\" rows=\"5\" placeholder=\"Messaggio\"><\/textarea>\t\t\t\t<\/div>\n\t\t\t\t\t\t\t\t<div class=\"elementor-field-type-upload elementor-field-group elementor-column elementor-field-group-field_1423caf elementor-col-100\">\n\t\t\t\t\t\t\t\t\t\t\t\t<label for=\"form-field-field_1423caf\" class=\"elementor-field-label\">\n\t\t\t\t\t\t\t\tCurriculum Vitae\t\t\t\t\t\t\t<\/label>\n\t\t\t\t\t\t\t\t<input type=\"file\" name=\"form_fields[field_1423caf]\" id=\"form-field-field_1423caf\" class=\"elementor-field elementor-size-md  elementor-upload-field\">\n\n\t\t\t\t\t\t<\/div>\n\t\t\t\t\t\t\t\t<div class=\"elementor-field-type-upload elementor-field-group elementor-column elementor-field-group-field_b937ffb elementor-col-100\">\n\t\t\t\t\t\t\t\t\t\t\t\t<label for=\"form-field-field_b937ffb\" class=\"elementor-field-label\">\n\t\t\t\t\t\t\t\tCarta de presentaci\u00f3n\t\t\t\t\t\t\t<\/label>\n\t\t\t\t\t\t\t\t<input type=\"file\" name=\"form_fields[field_b937ffb]\" id=\"form-field-field_b937ffb\" class=\"elementor-field elementor-size-md  elementor-upload-field\">\n\n\t\t\t\t\t\t<\/div>\n\t\t\t\t\t\t\t\t<div class=\"elementor-field-type-recaptcha_v3 elementor-field-group elementor-column elementor-field-group-field_d5143d3 elementor-col-100 recaptcha_v3-inline\">\n\t\t\t\t\t<div class=\"elementor-field\" id=\"form-field-field_d5143d3\"><div class=\"elementor-g-recaptcha\" data-sitekey=\"6LcdglUqAAAAALhK48r1HOBd521oO5ywqWUXyFRF\" data-type=\"v3\" data-action=\"Form\" data-badge=\"inline\" data-size=\"invisible\"><\/div><\/div>\t\t\t\t<\/div>\n\t\t\t\t\t\t\t\t<div class=\"elementor-field-group elementor-column elementor-field-type-submit elementor-col-30 e-form__buttons\">\n\t\t\t\t\t<button class=\"elementor-button elementor-size-md\" type=\"submit\">\n\t\t\t\t\t\t<span class=\"elementor-button-content-wrapper\">\n\t\t\t\t\t\t\t\t\t\t\t\t\t\t\t\t\t\t\t\t\t\t<span class=\"elementor-button-text\">Enviar solicitud<\/span>\n\t\t\t\t\t\t\t\t\t\t\t\t\t<\/span>\n\t\t\t\t\t<\/button>\n\t\t\t\t<\/div>\n\t\t\t<\/div>\n\t\t<\/form>\n\t\t\t\t\t\t<\/div>\n\t\t\t\t<\/div>\n\t\t\t\t\t<\/div>\n\t\t\t\t<\/div>\n\t\t\t\t<\/div>\n\t\t","protected":false},"excerpt":{"rendered":"<p>Trabaja con nosotros En la Fundaci\u00f3n Maddalena Grassi nos esforzamos cada d\u00eda por ofrecer una atenci\u00f3n humana, profesional y de calidad que realmente pueda marcar la diferencia en la vida [&hellip;]<\/p>\n","protected":false},"author":1,"featured_media":0,"parent":0,"menu_order":0,"comment_status":"closed","ping_status":"closed","template":"","meta":{"footnotes":""},"class_list":["post-4668","page","type-page","status-publish","hentry"],"yoast_head":"<!-- This site is optimized with the Yoast SEO plugin v27.4 - https:\/\/yoast.com\/product\/yoast-seo-wordpress\/ -->\n<title>Ofertas - Fondazione Maddalena Grassi<\/title>\n<meta name=\"robots\" content=\"index, follow, max-snippet:-1, max-image-preview:large, max-video-preview:-1\" \/>\n<link rel=\"canonical\" href=\"https:\/\/www.fondazionemaddalenagrassi.it\/es\/ofertas\/\" \/>\n<meta property=\"og:locale\" content=\"es_ES\" \/>\n<meta property=\"og:type\" content=\"article\" \/>\n<meta property=\"og:title\" content=\"Ofertas - Fondazione Maddalena Grassi\" \/>\n<meta property=\"og:description\" content=\"Trabaja con nosotros En la Fundaci\u00f3n Maddalena Grassi nos esforzamos cada d\u00eda por ofrecer una atenci\u00f3n humana, profesional y de calidad que realmente pueda marcar la diferencia en la vida [&hellip;]\" \/>\n<meta property=\"og:url\" content=\"https:\/\/www.fondazionemaddalenagrassi.it\/es\/ofertas\/\" \/>\n<meta property=\"og:site_name\" content=\"Fondazione Maddalena Grassi\" \/>\n<meta property=\"article:publisher\" content=\"https:\/\/www.facebook.com\/FondazioneMaddalenaGrassi\" \/>\n<meta property=\"article:modified_time\" content=\"2024-10-08T21:03:00+00:00\" \/>\n<meta name=\"twitter:card\" content=\"summary_large_image\" \/>\n<script type=\"application\/ld+json\" class=\"yoast-schema-graph\">{\"@context\":\"https:\\\/\\\/schema.org\",\"@graph\":[{\"@type\":\"WebPage\",\"@id\":\"https:\\\/\\\/www.fondazionemaddalenagrassi.it\\\/es\\\/ofertas\\\/\",\"url\":\"https:\\\/\\\/www.fondazionemaddalenagrassi.it\\\/es\\\/ofertas\\\/\",\"name\":\"Ofertas - Fondazione Maddalena Grassi\",\"isPartOf\":{\"@id\":\"https:\\\/\\\/www.fondazionemaddalenagrassi.it\\\/es\\\/#website\"},\"datePublished\":\"2024-06-11T14:29:13+00:00\",\"dateModified\":\"2024-10-08T21:03:00+00:00\",\"breadcrumb\":{\"@id\":\"https:\\\/\\\/www.fondazionemaddalenagrassi.it\\\/es\\\/ofertas\\\/#breadcrumb\"},\"inLanguage\":\"es\",\"potentialAction\":[{\"@type\":\"ReadAction\",\"target\":[\"https:\\\/\\\/www.fondazionemaddalenagrassi.it\\\/es\\\/ofertas\\\/\"]}]},{\"@type\":\"BreadcrumbList\",\"@id\":\"https:\\\/\\\/www.fondazionemaddalenagrassi.it\\\/es\\\/ofertas\\\/#breadcrumb\",\"itemListElement\":[{\"@type\":\"ListItem\",\"position\":1,\"name\":\"Home\",\"item\":\"https:\\\/\\\/www.fondazionemaddalenagrassi.it\\\/es\\\/\"},{\"@type\":\"ListItem\",\"position\":2,\"name\":\"Ofertas\"}]},{\"@type\":\"WebSite\",\"@id\":\"https:\\\/\\\/www.fondazionemaddalenagrassi.it\\\/es\\\/#website\",\"url\":\"https:\\\/\\\/www.fondazionemaddalenagrassi.it\\\/es\\\/\",\"name\":\"Fondazione Maddalena Grassi\",\"description\":\"Ente senza scopo di lucro che opera nel campo dell\u2019assistenza sanitaria, domiciliare e residenziale.\",\"publisher\":{\"@id\":\"https:\\\/\\\/www.fondazionemaddalenagrassi.it\\\/es\\\/#organization\"},\"potentialAction\":[{\"@type\":\"SearchAction\",\"target\":{\"@type\":\"EntryPoint\",\"urlTemplate\":\"https:\\\/\\\/www.fondazionemaddalenagrassi.it\\\/es\\\/?s={search_term_string}\"},\"query-input\":{\"@type\":\"PropertyValueSpecification\",\"valueRequired\":true,\"valueName\":\"search_term_string\"}}],\"inLanguage\":\"es\"},{\"@type\":\"Organization\",\"@id\":\"https:\\\/\\\/www.fondazionemaddalenagrassi.it\\\/es\\\/#organization\",\"name\":\"Fondazione Maddalena Grassi\",\"url\":\"https:\\\/\\\/www.fondazionemaddalenagrassi.it\\\/es\\\/\",\"logo\":{\"@type\":\"ImageObject\",\"inLanguage\":\"es\",\"@id\":\"https:\\\/\\\/www.fondazionemaddalenagrassi.it\\\/es\\\/#\\\/schema\\\/logo\\\/image\\\/\",\"url\":\"https:\\\/\\\/www.fondazionemaddalenagrassi.it\\\/wp-content\\\/uploads\\\/2024\\\/05\\\/fondazione-maddalena-grassi-logo.png\",\"contentUrl\":\"https:\\\/\\\/www.fondazionemaddalenagrassi.it\\\/wp-content\\\/uploads\\\/2024\\\/05\\\/fondazione-maddalena-grassi-logo.png\",\"width\":1417,\"height\":1417,\"caption\":\"Fondazione Maddalena Grassi\"},\"image\":{\"@id\":\"https:\\\/\\\/www.fondazionemaddalenagrassi.it\\\/es\\\/#\\\/schema\\\/logo\\\/image\\\/\"},\"sameAs\":[\"https:\\\/\\\/www.facebook.com\\\/FondazioneMaddalenaGrassi\",\"https:\\\/\\\/www.instagram.com\\\/fondazionemaddalenagrassi\\\/\",\"https:\\\/\\\/www.linkedin.com\\\/company\\\/fondazione-maddalena-grassi\\\/?originalSubdomain=it\"]}]}<\/script>\n<!-- \/ Yoast SEO plugin. -->","yoast_head_json":{"title":"Ofertas - Fondazione Maddalena Grassi","robots":{"index":"index","follow":"follow","max-snippet":"max-snippet:-1","max-image-preview":"max-image-preview:large","max-video-preview":"max-video-preview:-1"},"canonical":"https:\/\/www.fondazionemaddalenagrassi.it\/es\/ofertas\/","og_locale":"es_ES","og_type":"article","og_title":"Ofertas - Fondazione Maddalena Grassi","og_description":"Trabaja con nosotros En la Fundaci\u00f3n Maddalena Grassi nos esforzamos cada d\u00eda por ofrecer una atenci\u00f3n humana, profesional y de calidad que realmente pueda marcar la diferencia en la vida [&hellip;]","og_url":"https:\/\/www.fondazionemaddalenagrassi.it\/es\/ofertas\/","og_site_name":"Fondazione Maddalena Grassi","article_publisher":"https:\/\/www.facebook.com\/FondazioneMaddalenaGrassi","article_modified_time":"2024-10-08T21:03:00+00:00","twitter_card":"summary_large_image","schema":{"@context":"https:\/\/schema.org","@graph":[{"@type":"WebPage","@id":"https:\/\/www.fondazionemaddalenagrassi.it\/es\/ofertas\/","url":"https:\/\/www.fondazionemaddalenagrassi.it\/es\/ofertas\/","name":"Ofertas - Fondazione Maddalena Grassi","isPartOf":{"@id":"https:\/\/www.fondazionemaddalenagrassi.it\/es\/#website"},"datePublished":"2024-06-11T14:29:13+00:00","dateModified":"2024-10-08T21:03:00+00:00","breadcrumb":{"@id":"https:\/\/www.fondazionemaddalenagrassi.it\/es\/ofertas\/#breadcrumb"},"inLanguage":"es","potentialAction":[{"@type":"ReadAction","target":["https:\/\/www.fondazionemaddalenagrassi.it\/es\/ofertas\/"]}]},{"@type":"BreadcrumbList","@id":"https:\/\/www.fondazionemaddalenagrassi.it\/es\/ofertas\/#breadcrumb","itemListElement":[{"@type":"ListItem","position":1,"name":"Home","item":"https:\/\/www.fondazionemaddalenagrassi.it\/es\/"},{"@type":"ListItem","position":2,"name":"Ofertas"}]},{"@type":"WebSite","@id":"https:\/\/www.fondazionemaddalenagrassi.it\/es\/#website","url":"https:\/\/www.fondazionemaddalenagrassi.it\/es\/","name":"Fondazione Maddalena Grassi","description":"Ente senza scopo di lucro che opera nel campo dell\u2019assistenza sanitaria, domiciliare e residenziale.","publisher":{"@id":"https:\/\/www.fondazionemaddalenagrassi.it\/es\/#organization"},"potentialAction":[{"@type":"SearchAction","target":{"@type":"EntryPoint","urlTemplate":"https:\/\/www.fondazionemaddalenagrassi.it\/es\/?s={search_term_string}"},"query-input":{"@type":"PropertyValueSpecification","valueRequired":true,"valueName":"search_term_string"}}],"inLanguage":"es"},{"@type":"Organization","@id":"https:\/\/www.fondazionemaddalenagrassi.it\/es\/#organization","name":"Fondazione Maddalena Grassi","url":"https:\/\/www.fondazionemaddalenagrassi.it\/es\/","logo":{"@type":"ImageObject","inLanguage":"es","@id":"https:\/\/www.fondazionemaddalenagrassi.it\/es\/#\/schema\/logo\/image\/","url":"https:\/\/www.fondazionemaddalenagrassi.it\/wp-content\/uploads\/2024\/05\/fondazione-maddalena-grassi-logo.png","contentUrl":"https:\/\/www.fondazionemaddalenagrassi.it\/wp-content\/uploads\/2024\/05\/fondazione-maddalena-grassi-logo.png","width":1417,"height":1417,"caption":"Fondazione Maddalena Grassi"},"image":{"@id":"https:\/\/www.fondazionemaddalenagrassi.it\/es\/#\/schema\/logo\/image\/"},"sameAs":["https:\/\/www.facebook.com\/FondazioneMaddalenaGrassi","https:\/\/www.instagram.com\/fondazionemaddalenagrassi\/","https:\/\/www.linkedin.com\/company\/fondazione-maddalena-grassi\/?originalSubdomain=it"]}]}},"_links":{"self":[{"href":"https:\/\/www.fondazionemaddalenagrassi.it\/es\/wp-json\/wp\/v2\/pages\/4668","targetHints":{"allow":["GET"]}}],"collection":[{"href":"https:\/\/www.fondazionemaddalenagrassi.it\/es\/wp-json\/wp\/v2\/pages"}],"about":[{"href":"https:\/\/www.fondazionemaddalenagrassi.it\/es\/wp-json\/wp\/v2\/types\/page"}],"author":[{"embeddable":true,"href":"https:\/\/www.fondazionemaddalenagrassi.it\/es\/wp-json\/wp\/v2\/users\/1"}],"replies":[{"embeddable":true,"href":"https:\/\/www.fondazionemaddalenagrassi.it\/es\/wp-json\/wp\/v2\/comments?post=4668"}],"version-history":[{"count":5,"href":"https:\/\/www.fondazionemaddalenagrassi.it\/es\/wp-json\/wp\/v2\/pages\/4668\/revisions"}],"predecessor-version":[{"id":6402,"href":"https:\/\/www.fondazionemaddalenagrassi.it\/es\/wp-json\/wp\/v2\/pages\/4668\/revisions\/6402"}],"wp:attachment":[{"href":"https:\/\/www.fondazionemaddalenagrassi.it\/es\/wp-json\/wp\/v2\/media?parent=4668"}],"curies":[{"name":"wp","href":"https:\/\/api.w.org\/{rel}","templated":true}]}}