{"id":4664,"date":"2024-07-05T13:09:59","date_gmt":"2024-07-05T13:09:59","guid":{"rendered":"https:\/\/www.fondazionemaddalenagrassi.it\/hospice\/"},"modified":"2024-10-08T21:03:49","modified_gmt":"2024-10-08T21:03:49","slug":"hospice","status":"publish","type":"page","link":"https:\/\/www.fondazionemaddalenagrassi.it\/es\/hospice\/","title":{"rendered":"Hospice"},"content":{"rendered":"\t\t<div data-elementor-type=\"wp-page\" data-elementor-id=\"4664\" class=\"elementor elementor-4664 elementor-1325\" data-elementor-post-type=\"page\">\n\t\t\t\t<div class=\"elementor-element elementor-element-4410fa98 e-con-full e-flex e-con e-parent\" data-id=\"4410fa98\" data-element_type=\"container\" data-e-type=\"container\" data-settings=\"{&quot;background_background&quot;:&quot;gradient&quot;}\">\n\t\t<div class=\"elementor-element elementor-element-b0424fe e-flex e-con-boxed e-con e-child\" data-id=\"b0424fe\" data-element_type=\"container\" data-e-type=\"container\" data-settings=\"{&quot;background_background&quot;:&quot;slideshow&quot;,&quot;background_motion_fx_translateY_effect&quot;:&quot;yes&quot;,&quot;background_slideshow_gallery&quot;:[{&quot;id&quot;:5712,&quot;url&quot;:&quot;https:\\\/\\\/www.fondazionemaddalenagrassi.it\\\/wp-content\\\/uploads\\\/2024\\\/09\\\/FMG-20-scaled.jpg&quot;}],&quot;background_slideshow_loop&quot;:&quot;yes&quot;,&quot;background_slideshow_slide_duration&quot;:5000,&quot;background_slideshow_slide_transition&quot;:&quot;fade&quot;,&quot;background_slideshow_transition_duration&quot;:500,&quot;background_motion_fx_translateY_speed&quot;:{&quot;unit&quot;:&quot;px&quot;,&quot;size&quot;:4,&quot;sizes&quot;:[]},&quot;background_motion_fx_translateY_affectedRange&quot;:{&quot;unit&quot;:&quot;%&quot;,&quot;size&quot;:&quot;&quot;,&quot;sizes&quot;:{&quot;start&quot;:0,&quot;end&quot;:100}},&quot;background_motion_fx_devices&quot;:[&quot;desktop&quot;,&quot;tablet&quot;,&quot;mobile&quot;]}\">\n\t\t\t\t\t<div class=\"e-con-inner\">\n\t\t\t\t\t<\/div>\n\t\t\t\t<\/div>\n\t\t\t\t<\/div>\n\t\t<div class=\"elementor-element elementor-element-71b3083d e-flex e-con-boxed e-con e-parent\" data-id=\"71b3083d\" data-element_type=\"container\" data-e-type=\"container\" data-settings=\"{&quot;background_background&quot;:&quot;classic&quot;}\">\n\t\t\t\t\t<div class=\"e-con-inner\">\n\t\t\t\t\t<\/div>\n\t\t\t\t<\/div>\n\t\t<div class=\"elementor-element elementor-element-79b15aec e-con-full e-flex e-con e-parent\" data-id=\"79b15aec\" data-element_type=\"container\" data-e-type=\"container\" data-settings=\"{&quot;background_background&quot;:&quot;classic&quot;}\">\n\t\t<div class=\"elementor-element elementor-element-5811c1e5 e-con-full e-flex e-con e-child\" data-id=\"5811c1e5\" data-element_type=\"container\" data-e-type=\"container\" data-settings=\"{&quot;background_background&quot;:&quot;gradient&quot;}\">\n\t\t\t\t<div class=\"elementor-element elementor-element-4196b95 elementor-widget-tablet__width-inherit elementor-widget elementor-widget-heading\" data-id=\"4196b95\" data-element_type=\"widget\" data-e-type=\"widget\" data-widget_type=\"heading.default\">\n\t\t\t\t<div class=\"elementor-widget-container\">\n\t\t\t\t\t<h1 class=\"elementor-heading-title elementor-size-default\">Hospice<\/h1>\t\t\t\t<\/div>\n\t\t\t\t<\/div>\n\t\t\t\t<div class=\"elementor-element elementor-element-1896f536 elementor-widget__width-inherit elementor-widget-divider--view-line elementor-invisible elementor-widget elementor-widget-divider\" data-id=\"1896f536\" data-element_type=\"widget\" data-e-type=\"widget\" data-settings=\"{&quot;_animation&quot;:&quot;fadeIn&quot;}\" data-widget_type=\"divider.default\">\n\t\t\t\t<div class=\"elementor-widget-container\">\n\t\t\t\t\t\t\t<div class=\"elementor-divider\">\n\t\t\t<span class=\"elementor-divider-separator\">\n\t\t\t\t\t\t<\/span>\n\t\t<\/div>\n\t\t\t\t\t\t<\/div>\n\t\t\t\t<\/div>\n\t\t\t\t<div class=\"elementor-element elementor-element-1ed4a479 elementor-widget-tablet__width-inherit elementor-widget elementor-widget-text-editor\" data-id=\"1ed4a479\" data-element_type=\"widget\" data-e-type=\"widget\" data-widget_type=\"text-editor.default\">\n\t\t\t\t<div class=\"elementor-widget-container\">\n\t\t\t\t\t\t\t\t\t<p>Hoy en d\u00eda, la Fundaci\u00f3n Maddalena Grassi gestiona <strong>3 hospicios<\/strong>:<\/p>\n<ul>\n<li>1 hospicio con<strong>8 plazas<\/strong> en el <strong>hospital Fatebenefratelli<\/ strong> strong><\/li>\n<li>1 hospicio de oncolog\u00eda con <strong>15 plazas <\/strong>en el <strong>hospital Luigi Sacco <\/strong><\/li>\n<li>1 hospicio <strong>enfermedades infecciosas <\/strong>de <strong>10 plazas<\/strong> en el<strong>hospital Luigi Sacco<\/strong><\/li>\n<\/ul>\n\t\t\t\t\t\t\t\t<\/div>\n\t\t\t\t<\/div>\n\t\t\t\t<\/div>\n\t\t<div class=\"elementor-element elementor-element-4abbd0d9 e-con-full e-flex e-con e-child\" data-id=\"4abbd0d9\" data-element_type=\"container\" data-e-type=\"container\">\n\t\t<div class=\"elementor-element elementor-element-6d0dd62 e-con-full e-flex e-con e-child\" data-id=\"6d0dd62\" data-element_type=\"container\" data-e-type=\"container\">\n\t\t\t\t<div class=\"elementor-element elementor-element-68cfd98 elementor-widget elementor-widget-heading\" data-id=\"68cfd98\" data-element_type=\"widget\" data-e-type=\"widget\" data-widget_type=\"heading.default\">\n\t\t\t\t<div class=\"elementor-widget-container\">\n\t\t\t\t\t<h2 class=\"elementor-heading-title elementor-size-default\">\"Importas porque eres t\u00fa, y importas hasta el \u00faltimo momento de tu vida. Haremos todo lo que podamos, no s\u00f3lo para ayudarte a morir en paz, sino tambi\u00e9n para que vivas hasta tu \u00faltimo aliento\"<\/h2>\t\t\t\t<\/div>\n\t\t\t\t<\/div>\n\t\t\t\t<\/div>\n\t\t\t\t<div class=\"elementor-element elementor-element-5cb4ff48 elementor-widget elementor-widget-text-editor\" data-id=\"5cb4ff48\" data-element_type=\"widget\" data-e-type=\"widget\" data-widget_type=\"text-editor.default\">\n\t\t\t\t<div class=\"elementor-widget-container\">\n\t\t\t\t\t\t\t\t\t<p><b>ACTIVACI\u00d3N DE HOSPITALIZACI\u00d3N A DOMICILIO<\/b><\/p>\n<p>En <strong>2000, el Hospital Luigi Sacco<\/strong> activ\u00f3 la hospitalizaci\u00f3n domiciliaria mediante un convenio con la Fundaci\u00f3n Maddalena Grassi.<\/p>\n<p><b>ACREDITACI\u00d3N DEL HOSPICIO SANTA FRANCESCA CABRINI<\/b><\/p>\n<p>El Hospicio Santa Francesca Cabrini est\u00e1 acreditado dentro del departamento de oncolog\u00eda del Hospital Sacco en el que la Fundaci\u00f3n Grassi presta desde hace alg\u00fan tiempo atenci\u00f3n oncol\u00f3gica domiciliaria.<\/p>\n<p><b>COLABORACI\u00d3N CON EL HOSPITAL FATEBENEFRATELLI<\/b><\/p>\n<ul>\n<li>Entre <b>2000 y 2003<\/b> la Fundaci\u00f3n Maddalena Grassi desarroll\u00f3 contactos con el departamento de oncolog\u00eda del <b>Hospital Fatebenefratelli<\/b>, que en los \u00faltimos a\u00f1os abri\u00f3 un hospicio con 8 camas <\/li. >\n<\/ul>\n<ul>\n<li>En <b>2017<\/b>, la Fundaci\u00f3n Maddalena Grassi se hace cargo de la gesti\u00f3n de otras 15 camas en el Hospice Fatebenefratelli.<\/li>\n<\/ul>\n<p><b>APERTURA DEL HOSPICIO DE ENFERMEDADES INFECCIOSAS<\/b><\/p>\n<p>En<b>2022<\/b>se abrir\u00e1 un <b>Hospicio para enfermedades infecciosas<\/b> en el <b>Hospital Sacco<\/b>, que estar\u00e1 equipado con 10 camas y ser\u00e1 gestionado por la Fundaci\u00f3n Maddalena Grassi .<\/p>\n\t\t\t\t\t\t\t\t<\/div>\n\t\t\t\t<\/div>\n\t\t\t\t<\/div>\n\t\t\t\t<\/div>\n\t\t\t\t<\/div>\n\t\t","protected":false},"excerpt":{"rendered":"<p>Hospice Hoy en d\u00eda, la Fundaci\u00f3n Maddalena Grassi gestiona 3 hospicios: 1 hospicio con8 plazas en el hospital Fatebenefratelli strong> 1 hospicio de oncolog\u00eda con 15 plazas en el hospital [&hellip;]<\/p>\n","protected":false},"author":2,"featured_media":0,"parent":0,"menu_order":0,"comment_status":"closed","ping_status":"closed","template":"","meta":{"footnotes":""},"class_list":["post-4664","page","type-page","status-publish","hentry"],"yoast_head":"<!-- This site is optimized with the Yoast SEO plugin v27.4 - https:\/\/yoast.com\/product\/yoast-seo-wordpress\/ -->\n<title>Hospice - Fondazione Maddalena Grassi<\/title>\n<meta name=\"robots\" content=\"index, follow, max-snippet:-1, max-image-preview:large, max-video-preview:-1\" \/>\n<link rel=\"canonical\" href=\"https:\/\/www.fondazionemaddalenagrassi.it\/es\/hospice\/\" \/>\n<meta property=\"og:locale\" content=\"es_ES\" \/>\n<meta property=\"og:type\" content=\"article\" \/>\n<meta property=\"og:title\" content=\"Hospice - Fondazione Maddalena Grassi\" \/>\n<meta property=\"og:description\" content=\"Hospice Hoy en d\u00eda, la Fundaci\u00f3n Maddalena Grassi gestiona 3 hospicios: 1 hospicio con8 plazas en el hospital Fatebenefratelli strong&gt; 1 hospicio de oncolog\u00eda con 15 plazas en el hospital [&hellip;]\" \/>\n<meta property=\"og:url\" content=\"https:\/\/www.fondazionemaddalenagrassi.it\/es\/hospice\/\" \/>\n<meta property=\"og:site_name\" content=\"Fondazione Maddalena Grassi\" \/>\n<meta property=\"article:publisher\" content=\"https:\/\/www.facebook.com\/FondazioneMaddalenaGrassi\" \/>\n<meta property=\"article:modified_time\" content=\"2024-10-08T21:03:49+00:00\" \/>\n<meta name=\"twitter:card\" content=\"summary_large_image\" \/>\n<meta name=\"twitter:label1\" content=\"Tiempo de lectura\" \/>\n\t<meta name=\"twitter:data1\" content=\"1 minuto\" \/>\n<script type=\"application\/ld+json\" class=\"yoast-schema-graph\">{\"@context\":\"https:\\\/\\\/schema.org\",\"@graph\":[{\"@type\":\"WebPage\",\"@id\":\"https:\\\/\\\/www.fondazionemaddalenagrassi.it\\\/es\\\/hospice\\\/\",\"url\":\"https:\\\/\\\/www.fondazionemaddalenagrassi.it\\\/es\\\/hospice\\\/\",\"name\":\"Hospice - Fondazione Maddalena Grassi\",\"isPartOf\":{\"@id\":\"https:\\\/\\\/www.fondazionemaddalenagrassi.it\\\/es\\\/#website\"},\"datePublished\":\"2024-07-05T13:09:59+00:00\",\"dateModified\":\"2024-10-08T21:03:49+00:00\",\"breadcrumb\":{\"@id\":\"https:\\\/\\\/www.fondazionemaddalenagrassi.it\\\/es\\\/hospice\\\/#breadcrumb\"},\"inLanguage\":\"es\",\"potentialAction\":[{\"@type\":\"ReadAction\",\"target\":[\"https:\\\/\\\/www.fondazionemaddalenagrassi.it\\\/es\\\/hospice\\\/\"]}]},{\"@type\":\"BreadcrumbList\",\"@id\":\"https:\\\/\\\/www.fondazionemaddalenagrassi.it\\\/es\\\/hospice\\\/#breadcrumb\",\"itemListElement\":[{\"@type\":\"ListItem\",\"position\":1,\"name\":\"Home\",\"item\":\"https:\\\/\\\/www.fondazionemaddalenagrassi.it\\\/es\\\/\"},{\"@type\":\"ListItem\",\"position\":2,\"name\":\"Hospice\"}]},{\"@type\":\"WebSite\",\"@id\":\"https:\\\/\\\/www.fondazionemaddalenagrassi.it\\\/es\\\/#website\",\"url\":\"https:\\\/\\\/www.fondazionemaddalenagrassi.it\\\/es\\\/\",\"name\":\"Fondazione Maddalena Grassi\",\"description\":\"Ente senza scopo di lucro che opera nel campo dell\u2019assistenza sanitaria, domiciliare e residenziale.\",\"publisher\":{\"@id\":\"https:\\\/\\\/www.fondazionemaddalenagrassi.it\\\/es\\\/#organization\"},\"potentialAction\":[{\"@type\":\"SearchAction\",\"target\":{\"@type\":\"EntryPoint\",\"urlTemplate\":\"https:\\\/\\\/www.fondazionemaddalenagrassi.it\\\/es\\\/?s={search_term_string}\"},\"query-input\":{\"@type\":\"PropertyValueSpecification\",\"valueRequired\":true,\"valueName\":\"search_term_string\"}}],\"inLanguage\":\"es\"},{\"@type\":\"Organization\",\"@id\":\"https:\\\/\\\/www.fondazionemaddalenagrassi.it\\\/es\\\/#organization\",\"name\":\"Fondazione Maddalena Grassi\",\"url\":\"https:\\\/\\\/www.fondazionemaddalenagrassi.it\\\/es\\\/\",\"logo\":{\"@type\":\"ImageObject\",\"inLanguage\":\"es\",\"@id\":\"https:\\\/\\\/www.fondazionemaddalenagrassi.it\\\/es\\\/#\\\/schema\\\/logo\\\/image\\\/\",\"url\":\"https:\\\/\\\/www.fondazionemaddalenagrassi.it\\\/wp-content\\\/uploads\\\/2024\\\/05\\\/fondazione-maddalena-grassi-logo.png\",\"contentUrl\":\"https:\\\/\\\/www.fondazionemaddalenagrassi.it\\\/wp-content\\\/uploads\\\/2024\\\/05\\\/fondazione-maddalena-grassi-logo.png\",\"width\":1417,\"height\":1417,\"caption\":\"Fondazione Maddalena Grassi\"},\"image\":{\"@id\":\"https:\\\/\\\/www.fondazionemaddalenagrassi.it\\\/es\\\/#\\\/schema\\\/logo\\\/image\\\/\"},\"sameAs\":[\"https:\\\/\\\/www.facebook.com\\\/FondazioneMaddalenaGrassi\",\"https:\\\/\\\/www.instagram.com\\\/fondazionemaddalenagrassi\\\/\",\"https:\\\/\\\/www.linkedin.com\\\/company\\\/fondazione-maddalena-grassi\\\/?originalSubdomain=it\"]}]}<\/script>\n<!-- \/ Yoast SEO plugin. -->","yoast_head_json":{"title":"Hospice - Fondazione Maddalena Grassi","robots":{"index":"index","follow":"follow","max-snippet":"max-snippet:-1","max-image-preview":"max-image-preview:large","max-video-preview":"max-video-preview:-1"},"canonical":"https:\/\/www.fondazionemaddalenagrassi.it\/es\/hospice\/","og_locale":"es_ES","og_type":"article","og_title":"Hospice - Fondazione Maddalena Grassi","og_description":"Hospice Hoy en d\u00eda, la Fundaci\u00f3n Maddalena Grassi gestiona 3 hospicios: 1 hospicio con8 plazas en el hospital Fatebenefratelli strong> 1 hospicio de oncolog\u00eda con 15 plazas en el hospital [&hellip;]","og_url":"https:\/\/www.fondazionemaddalenagrassi.it\/es\/hospice\/","og_site_name":"Fondazione Maddalena Grassi","article_publisher":"https:\/\/www.facebook.com\/FondazioneMaddalenaGrassi","article_modified_time":"2024-10-08T21:03:49+00:00","twitter_card":"summary_large_image","twitter_misc":{"Tiempo de lectura":"1 minuto"},"schema":{"@context":"https:\/\/schema.org","@graph":[{"@type":"WebPage","@id":"https:\/\/www.fondazionemaddalenagrassi.it\/es\/hospice\/","url":"https:\/\/www.fondazionemaddalenagrassi.it\/es\/hospice\/","name":"Hospice - Fondazione Maddalena Grassi","isPartOf":{"@id":"https:\/\/www.fondazionemaddalenagrassi.it\/es\/#website"},"datePublished":"2024-07-05T13:09:59+00:00","dateModified":"2024-10-08T21:03:49+00:00","breadcrumb":{"@id":"https:\/\/www.fondazionemaddalenagrassi.it\/es\/hospice\/#breadcrumb"},"inLanguage":"es","potentialAction":[{"@type":"ReadAction","target":["https:\/\/www.fondazionemaddalenagrassi.it\/es\/hospice\/"]}]},{"@type":"BreadcrumbList","@id":"https:\/\/www.fondazionemaddalenagrassi.it\/es\/hospice\/#breadcrumb","itemListElement":[{"@type":"ListItem","position":1,"name":"Home","item":"https:\/\/www.fondazionemaddalenagrassi.it\/es\/"},{"@type":"ListItem","position":2,"name":"Hospice"}]},{"@type":"WebSite","@id":"https:\/\/www.fondazionemaddalenagrassi.it\/es\/#website","url":"https:\/\/www.fondazionemaddalenagrassi.it\/es\/","name":"Fondazione Maddalena Grassi","description":"Ente senza scopo di lucro che opera nel campo dell\u2019assistenza sanitaria, domiciliare e residenziale.","publisher":{"@id":"https:\/\/www.fondazionemaddalenagrassi.it\/es\/#organization"},"potentialAction":[{"@type":"SearchAction","target":{"@type":"EntryPoint","urlTemplate":"https:\/\/www.fondazionemaddalenagrassi.it\/es\/?s={search_term_string}"},"query-input":{"@type":"PropertyValueSpecification","valueRequired":true,"valueName":"search_term_string"}}],"inLanguage":"es"},{"@type":"Organization","@id":"https:\/\/www.fondazionemaddalenagrassi.it\/es\/#organization","name":"Fondazione Maddalena Grassi","url":"https:\/\/www.fondazionemaddalenagrassi.it\/es\/","logo":{"@type":"ImageObject","inLanguage":"es","@id":"https:\/\/www.fondazionemaddalenagrassi.it\/es\/#\/schema\/logo\/image\/","url":"https:\/\/www.fondazionemaddalenagrassi.it\/wp-content\/uploads\/2024\/05\/fondazione-maddalena-grassi-logo.png","contentUrl":"https:\/\/www.fondazionemaddalenagrassi.it\/wp-content\/uploads\/2024\/05\/fondazione-maddalena-grassi-logo.png","width":1417,"height":1417,"caption":"Fondazione Maddalena Grassi"},"image":{"@id":"https:\/\/www.fondazionemaddalenagrassi.it\/es\/#\/schema\/logo\/image\/"},"sameAs":["https:\/\/www.facebook.com\/FondazioneMaddalenaGrassi","https:\/\/www.instagram.com\/fondazionemaddalenagrassi\/","https:\/\/www.linkedin.com\/company\/fondazione-maddalena-grassi\/?originalSubdomain=it"]}]}},"_links":{"self":[{"href":"https:\/\/www.fondazionemaddalenagrassi.it\/es\/wp-json\/wp\/v2\/pages\/4664","targetHints":{"allow":["GET"]}}],"collection":[{"href":"https:\/\/www.fondazionemaddalenagrassi.it\/es\/wp-json\/wp\/v2\/pages"}],"about":[{"href":"https:\/\/www.fondazionemaddalenagrassi.it\/es\/wp-json\/wp\/v2\/types\/page"}],"author":[{"embeddable":true,"href":"https:\/\/www.fondazionemaddalenagrassi.it\/es\/wp-json\/wp\/v2\/users\/2"}],"replies":[{"embeddable":true,"href":"https:\/\/www.fondazionemaddalenagrassi.it\/es\/wp-json\/wp\/v2\/comments?post=4664"}],"version-history":[{"count":3,"href":"https:\/\/www.fondazionemaddalenagrassi.it\/es\/wp-json\/wp\/v2\/pages\/4664\/revisions"}],"predecessor-version":[{"id":7194,"href":"https:\/\/www.fondazionemaddalenagrassi.it\/es\/wp-json\/wp\/v2\/pages\/4664\/revisions\/7194"}],"wp:attachment":[{"href":"https:\/\/www.fondazionemaddalenagrassi.it\/es\/wp-json\/wp\/v2\/media?parent=4664"}],"curies":[{"name":"wp","href":"https:\/\/api.w.org\/{rel}","templated":true}]}}