{"id":4649,"date":"2024-05-29T10:01:43","date_gmt":"2024-05-29T10:01:43","guid":{"rendered":"https:\/\/www.fondazionemaddalenagrassi.it\/quienes-somos\/estructura-organizacional\/"},"modified":"2024-10-08T21:13:53","modified_gmt":"2024-10-08T21:13:53","slug":"estructura-organizacional","status":"publish","type":"page","link":"https:\/\/www.fondazionemaddalenagrassi.it\/es\/quienes-somos\/estructura-organizacional\/","title":{"rendered":"Governance"},"content":{"rendered":"\t\t<div data-elementor-type=\"wp-page\" data-elementor-id=\"4649\" class=\"elementor elementor-4649 elementor-59\" data-elementor-post-type=\"page\">\n\t\t\t\t<div class=\"elementor-element elementor-element-26410a6d e-con-full e-flex e-con e-parent\" data-id=\"26410a6d\" data-element_type=\"container\" data-e-type=\"container\" data-settings=\"{&quot;background_background&quot;:&quot;gradient&quot;}\">\n\t\t<div class=\"elementor-element elementor-element-428df406 e-flex e-con-boxed e-con e-child\" data-id=\"428df406\" data-element_type=\"container\" data-e-type=\"container\" data-settings=\"{&quot;background_background&quot;:&quot;classic&quot;,&quot;background_motion_fx_motion_fx_scrolling&quot;:&quot;yes&quot;,&quot;background_motion_fx_translateY_effect&quot;:&quot;yes&quot;,&quot;background_motion_fx_translateY_speed&quot;:{&quot;unit&quot;:&quot;px&quot;,&quot;size&quot;:4,&quot;sizes&quot;:[]},&quot;background_motion_fx_translateY_affectedRange&quot;:{&quot;unit&quot;:&quot;%&quot;,&quot;size&quot;:&quot;&quot;,&quot;sizes&quot;:{&quot;start&quot;:0,&quot;end&quot;:100}},&quot;background_motion_fx_devices&quot;:[&quot;desktop&quot;,&quot;tablet&quot;,&quot;mobile&quot;]}\">\n\t\t\t\t\t<div class=\"e-con-inner\">\n\t\t\t\t\t<\/div>\n\t\t\t\t<\/div>\n\t\t\t\t<\/div>\n\t\t<div class=\"elementor-element elementor-element-1c06b013 e-flex e-con-boxed e-con e-parent\" data-id=\"1c06b013\" data-element_type=\"container\" data-e-type=\"container\">\n\t\t\t\t\t<div class=\"e-con-inner\">\n\t\t\t\t\t<\/div>\n\t\t\t\t<\/div>\n\t\t<div class=\"elementor-element elementor-element-2e2859a2 e-flex e-con-boxed e-con e-parent\" data-id=\"2e2859a2\" data-element_type=\"container\" data-e-type=\"container\">\n\t\t\t\t\t<div class=\"e-con-inner\">\n\t\t\t\t<div class=\"elementor-element elementor-element-c8e85f elementor-widget elementor-widget-heading\" data-id=\"c8e85f\" data-element_type=\"widget\" data-e-type=\"widget\" data-widget_type=\"heading.default\">\n\t\t\t\t<div class=\"elementor-widget-container\">\n\t\t\t\t\t<h1 class=\"elementor-heading-title elementor-size-default\">Governance<\/h1>\t\t\t\t<\/div>\n\t\t\t\t<\/div>\n\t\t\t\t<div class=\"elementor-element elementor-element-5c1a042 elementor-widget-divider--view-line elementor-widget elementor-widget-divider\" data-id=\"5c1a042\" data-element_type=\"widget\" data-e-type=\"widget\" data-widget_type=\"divider.default\">\n\t\t\t\t<div class=\"elementor-widget-container\">\n\t\t\t\t\t\t\t<div class=\"elementor-divider\">\n\t\t\t<span class=\"elementor-divider-separator\">\n\t\t\t\t\t\t<\/span>\n\t\t<\/div>\n\t\t\t\t\t\t<\/div>\n\t\t\t\t<\/div>\n\t\t\t\t\t<\/div>\n\t\t\t\t<\/div>\n\t\t<div class=\"elementor-element elementor-element-75587b9f e-flex e-con-boxed e-con e-parent\" data-id=\"75587b9f\" data-element_type=\"container\" data-e-type=\"container\" data-settings=\"{&quot;background_background&quot;:&quot;classic&quot;}\">\n\t\t\t\t\t<div class=\"e-con-inner\">\n\t\t<div class=\"elementor-element elementor-element-619b8663 e-con-full e-flex e-con e-child\" data-id=\"619b8663\" data-element_type=\"container\" data-e-type=\"container\" data-settings=\"{&quot;background_background&quot;:&quot;classic&quot;}\">\n\t\t\t\t<div class=\"elementor-element elementor-element-06d1162 elementor-widget elementor-widget-heading\" data-id=\"06d1162\" data-element_type=\"widget\" data-e-type=\"widget\" data-widget_type=\"heading.default\">\n\t\t\t\t<div class=\"elementor-widget-container\">\n\t\t\t\t\t<h3 class=\"elementor-heading-title elementor-size-default\">Fondazione Maddalena Grassi atiende a sus pacientes con el m\u00e1ximo compromiso y profesionalidad.<\/h3>\t\t\t\t<\/div>\n\t\t\t\t<\/div>\n\t\t\t\t<\/div>\n\t\t<div class=\"elementor-element elementor-element-63806729 e-con-full e-flex e-con e-child\" data-id=\"63806729\" data-element_type=\"container\" data-e-type=\"container\">\n\t\t\t\t<div class=\"elementor-element elementor-element-3263af15 elementor-widget elementor-widget-text-editor\" data-id=\"3263af15\" data-element_type=\"widget\" data-e-type=\"widget\" data-widget_type=\"text-editor.default\">\n\t\t\t\t<div class=\"elementor-widget-container\">\n\t\t\t\t\t\t\t\t\t<p>La Fundaci\u00f3n Maddalena Grassi ha sido reconocida como personalidad jur\u00eddica tanto a nivel regional como nacional y est\u00e1 inscrita en el registro correspondiente en el tribunal de Mil\u00e1n. La asamblea de la Fundaci\u00f3n nombra la junta directiva. El consejo cuenta con el apoyo de una junta de tres auditores. La fundaci\u00f3n est\u00e1 dotada de un modelo de organizaci\u00f3n y control conforme a la ley 231\/2001, para el cual act\u00faa un \u00f3rgano de control. Asimismo, se encuentran operativas todas las funciones y medidas contempladas en la normativa sobre seguridad en el trabajo, privacidad y APPCC.<\/p>\n<p>Para el ejercicio de todas las actividades asistenciales, la Fundaci\u00f3n est\u00e1 autorizada y acreditada mediante contrato con la S.S.R. que ejerce una funci\u00f3n de supervisi\u00f3n de los requisitos estructurales y organizativos. La estructura de la empresa en diferentes funciones y roles garantiza un funcionamiento adecuado.<\/p>\n<p>La Fundaci\u00f3n Maddalena Grassi est\u00e1 reconocida a nivel regional y nacional y est\u00e1 inscrita en el registro correspondiente en el tribunal de Mil\u00e1n. Cada a\u00f1o, la asamblea de la Fundaci\u00f3n nombra el consejo directivo, apoyado por un consejo de tres auditores, garantizando as\u00ed una gesti\u00f3n precisa y responsable.<\/p>\n<p>Seguimos estrictamente todas las normas de seguridad, privacidad e higiene (HACCP) para ofrecerle m\u00e1xima protecci\u00f3n.<\/p>\n<p>Para el ejercicio de todas las actividades asistenciales, la Fundaci\u00f3n est\u00e1 autorizada y acreditada bajo contrato con el Sistema Regional de Salud (S.S.R) que monitorea constantemente nuestros requisitos estructurales y organizativos. La estructura de la empresa en diferentes funciones y figuras garantiza un adecuado funcionamiento.<\/p>\n<p>Fundaci\u00f3n Maddalena Grassi<br \/><strong>Junta Directiva<\/strong><\/p>\n\t\t\t\t\t\t\t\t<\/div>\n\t\t\t\t<\/div>\n\t\t\t\t<\/div>\n\t\t\t\t\t<\/div>\n\t\t\t\t<\/div>\n\t\t<div class=\"elementor-element elementor-element-73a36e26 e-flex e-con-boxed e-con e-parent\" data-id=\"73a36e26\" data-element_type=\"container\" data-e-type=\"container\" data-settings=\"{&quot;background_background&quot;:&quot;classic&quot;}\">\n\t\t\t\t\t<div class=\"e-con-inner\">\n\t\t<div class=\"elementor-element elementor-element-f314fb0 e-con-full e-flex e-con e-child\" data-id=\"f314fb0\" data-element_type=\"container\" data-e-type=\"container\">\n\t\t\t\t<div class=\"elementor-element elementor-element-5129d205 animated-slow elementor-invisible elementor-widget elementor-widget-heading\" data-id=\"5129d205\" data-element_type=\"widget\" data-e-type=\"widget\" data-settings=\"{&quot;_animation&quot;:&quot;slideInUp&quot;}\" data-widget_type=\"heading.default\">\n\t\t\t\t<div class=\"elementor-widget-container\">\n\t\t\t\t\t<h5 class=\"elementor-heading-title elementor-size-default\">Fondazione Maddalena Grassi<\/h5>\t\t\t\t<\/div>\n\t\t\t\t<\/div>\n\t\t\t\t<div class=\"elementor-element elementor-element-d2aa122 elementor-widget elementor-widget-heading\" data-id=\"d2aa122\" data-element_type=\"widget\" data-e-type=\"widget\" data-widget_type=\"heading.default\">\n\t\t\t\t<div class=\"elementor-widget-container\">\n\t\t\t\t\t<h1 class=\"elementor-heading-title elementor-size-default\">Direcci\u00f3n<\/h1>\t\t\t\t<\/div>\n\t\t\t\t<\/div>\n\t\t\t\t<div class=\"elementor-element elementor-element-44227539 elementor-widget-divider--view-line elementor-widget elementor-widget-divider\" data-id=\"44227539\" data-element_type=\"widget\" data-e-type=\"widget\" data-widget_type=\"divider.default\">\n\t\t\t\t<div class=\"elementor-widget-container\">\n\t\t\t\t\t\t\t<div class=\"elementor-divider\">\n\t\t\t<span class=\"elementor-divider-separator\">\n\t\t\t\t\t\t<\/span>\n\t\t<\/div>\n\t\t\t\t\t\t<\/div>\n\t\t\t\t<\/div>\n\t\t\t\t<\/div>\n\t\t<div class=\"elementor-element elementor-element-2cd79a2 e-con-full e-grid e-con e-child\" data-id=\"2cd79a2\" data-element_type=\"container\" data-e-type=\"container\">\n\t\t\t\t<div class=\"elementor-element elementor-element-6bc7159 elementor-widget__width-inherit elementor-position-top elementor-widget elementor-widget-image-box\" data-id=\"6bc7159\" data-element_type=\"widget\" data-e-type=\"widget\" data-widget_type=\"image-box.default\">\n\t\t\t\t<div class=\"elementor-widget-container\">\n\t\t\t\t\t<div class=\"elementor-image-box-wrapper\"><figure class=\"elementor-image-box-img\"><img fetchpriority=\"high\" decoding=\"async\" width=\"500\" height=\"500\" src=\"https:\/\/www.fondazionemaddalenagrassi.it\/wp-content\/uploads\/2024\/07\/1540290362772.jpeg\" class=\"attachment-full size-full wp-image-3502\" alt=\"\" srcset=\"https:\/\/www.fondazionemaddalenagrassi.it\/wp-content\/uploads\/2024\/07\/1540290362772.jpeg 500w, https:\/\/www.fondazionemaddalenagrassi.it\/wp-content\/uploads\/2024\/07\/1540290362772-300x300.jpeg 300w, https:\/\/www.fondazionemaddalenagrassi.it\/wp-content\/uploads\/2024\/07\/1540290362772-150x150.jpeg 150w\" sizes=\"(max-width: 500px) 100vw, 500px\" \/><\/figure><div class=\"elementor-image-box-content\"><h3 class=\"elementor-image-box-title\">Alessandro Pirola<\/h3><p class=\"elementor-image-box-description\">Presidente<\/p><\/div><\/div>\t\t\t\t<\/div>\n\t\t\t\t<\/div>\n\t\t\t\t<div class=\"elementor-element elementor-element-f667de5 elementor-widget__width-inherit elementor-position-top elementor-widget elementor-widget-image-box\" data-id=\"f667de5\" data-element_type=\"widget\" data-e-type=\"widget\" data-widget_type=\"image-box.default\">\n\t\t\t\t<div class=\"elementor-widget-container\">\n\t\t\t\t\t<div class=\"elementor-image-box-wrapper\"><figure class=\"elementor-image-box-img\"><img decoding=\"async\" width=\"800\" height=\"800\" src=\"https:\/\/www.fondazionemaddalenagrassi.it\/wp-content\/uploads\/2024\/07\/1621503634228.jpeg\" class=\"attachment-full size-full wp-image-3505\" alt=\"\" srcset=\"https:\/\/www.fondazionemaddalenagrassi.it\/wp-content\/uploads\/2024\/07\/1621503634228.jpeg 800w, https:\/\/www.fondazionemaddalenagrassi.it\/wp-content\/uploads\/2024\/07\/1621503634228-300x300.jpeg 300w, https:\/\/www.fondazionemaddalenagrassi.it\/wp-content\/uploads\/2024\/07\/1621503634228-150x150.jpeg 150w, https:\/\/www.fondazionemaddalenagrassi.it\/wp-content\/uploads\/2024\/07\/1621503634228-768x768.jpeg 768w\" sizes=\"(max-width: 800px) 100vw, 800px\" \/><\/figure><div class=\"elementor-image-box-content\"><h3 class=\"elementor-image-box-title\">Filippo Cristoferi<\/h3><p class=\"elementor-image-box-description\">Vicepresidente ejecutivo<\/p><\/div><\/div>\t\t\t\t<\/div>\n\t\t\t\t<\/div>\n\t\t\t\t<div class=\"elementor-element elementor-element-f73530b elementor-widget__width-inherit elementor-position-top elementor-widget elementor-widget-image-box\" data-id=\"f73530b\" data-element_type=\"widget\" data-e-type=\"widget\" data-widget_type=\"image-box.default\">\n\t\t\t\t<div class=\"elementor-widget-container\">\n\t\t\t\t\t<div class=\"elementor-image-box-wrapper\"><figure class=\"elementor-image-box-img\"><img decoding=\"async\" src=\"https:\/\/www.fondazionemaddalenagrassi.it\/wp-content\/uploads\/2024\/07\/Emanuele-Flaccadori.jpg\" title=\"\" alt=\"\" loading=\"lazy\" \/><\/figure><div class=\"elementor-image-box-content\"><h3 class=\"elementor-image-box-title\">Emanuele Flaccadori<\/h3><p class=\"elementor-image-box-description\">Director General<\/p><\/div><\/div>\t\t\t\t<\/div>\n\t\t\t\t<\/div>\n\t\t\t\t<div class=\"elementor-element elementor-element-7bbd10d elementor-widget__width-inherit elementor-position-top elementor-widget elementor-widget-image-box\" data-id=\"7bbd10d\" data-element_type=\"widget\" data-e-type=\"widget\" data-widget_type=\"image-box.default\">\n\t\t\t\t<div class=\"elementor-widget-container\">\n\t\t\t\t\t<div class=\"elementor-image-box-wrapper\"><figure class=\"elementor-image-box-img\"><img decoding=\"async\" width=\"499\" height=\"499\" src=\"https:\/\/www.fondazionemaddalenagrassi.it\/wp-content\/uploads\/2024\/07\/Senza-nome.jpg\" class=\"attachment-full size-full wp-image-3788\" alt=\"\" srcset=\"https:\/\/www.fondazionemaddalenagrassi.it\/wp-content\/uploads\/2024\/07\/Senza-nome.jpg 499w, https:\/\/www.fondazionemaddalenagrassi.it\/wp-content\/uploads\/2024\/07\/Senza-nome-300x300.jpg 300w, https:\/\/www.fondazionemaddalenagrassi.it\/wp-content\/uploads\/2024\/07\/Senza-nome-150x150.jpg 150w\" sizes=\"(max-width: 499px) 100vw, 499px\" \/><\/figure><div class=\"elementor-image-box-content\"><h3 class=\"elementor-image-box-title\">Angelo Mainini<\/h3><p class=\"elementor-image-box-description\">Vice Presidente<\/p><\/div><\/div>\t\t\t\t<\/div>\n\t\t\t\t<\/div>\n\t\t\t\t<div class=\"elementor-element elementor-element-b2e549e elementor-widget__width-inherit elementor-position-top elementor-widget elementor-widget-image-box\" data-id=\"b2e549e\" data-element_type=\"widget\" data-e-type=\"widget\" data-widget_type=\"image-box.default\">\n\t\t\t\t<div class=\"elementor-widget-container\">\n\t\t\t\t\t<div class=\"elementor-image-box-wrapper\"><figure class=\"elementor-image-box-img\"><img loading=\"lazy\" decoding=\"async\" width=\"499\" height=\"499\" src=\"https:\/\/www.fondazionemaddalenagrassi.it\/wp-content\/uploads\/2024\/07\/1563169729089.jpeg\" class=\"attachment-full size-full wp-image-3517\" alt=\"\" srcset=\"https:\/\/www.fondazionemaddalenagrassi.it\/wp-content\/uploads\/2024\/07\/1563169729089.jpeg 499w, https:\/\/www.fondazionemaddalenagrassi.it\/wp-content\/uploads\/2024\/07\/1563169729089-300x300.jpeg 300w, https:\/\/www.fondazionemaddalenagrassi.it\/wp-content\/uploads\/2024\/07\/1563169729089-150x150.jpeg 150w\" sizes=\"(max-width: 499px) 100vw, 499px\" \/><\/figure><div class=\"elementor-image-box-content\"><h3 class=\"elementor-image-box-title\">Stefano Portioli<\/h3><p class=\"elementor-image-box-description\">Tutor<\/p><\/div><\/div>\t\t\t\t<\/div>\n\t\t\t\t<\/div>\n\t\t\t\t<\/div>\n\t\t<div class=\"elementor-element elementor-element-3c8a341 e-con-full e-flex e-con e-child\" data-id=\"3c8a341\" data-element_type=\"container\" data-e-type=\"container\">\n\t\t\t\t<\/div>\n\t\t\t\t\t<\/div>\n\t\t\t\t<\/div>\n\t\t\t\t<\/div>\n\t\t","protected":false},"excerpt":{"rendered":"<p>Governance Fondazione Maddalena Grassi atiende a sus pacientes con el m\u00e1ximo compromiso y profesionalidad. La Fundaci\u00f3n Maddalena Grassi ha sido reconocida como personalidad jur\u00eddica tanto a nivel regional como nacional [&hellip;]<\/p>\n","protected":false},"author":2,"featured_media":0,"parent":4635,"menu_order":0,"comment_status":"closed","ping_status":"closed","template":"","meta":{"footnotes":""},"class_list":["post-4649","page","type-page","status-publish","hentry"],"yoast_head":"<!-- This site is optimized with the Yoast SEO plugin v27.3 - https:\/\/yoast.com\/product\/yoast-seo-wordpress\/ -->\n<title>Governance - Fondazione Maddalena Grassi<\/title>\n<meta name=\"robots\" content=\"index, follow, max-snippet:-1, max-image-preview:large, max-video-preview:-1\" \/>\n<link rel=\"canonical\" href=\"https:\/\/www.fondazionemaddalenagrassi.it\/es\/quienes-somos\/estructura-organizacional\/\" \/>\n<meta property=\"og:locale\" content=\"es_ES\" \/>\n<meta property=\"og:type\" content=\"article\" \/>\n<meta property=\"og:title\" content=\"Governance - Fondazione Maddalena Grassi\" \/>\n<meta property=\"og:description\" content=\"Governance Fondazione Maddalena Grassi atiende a sus pacientes con el m\u00e1ximo compromiso y profesionalidad. La Fundaci\u00f3n Maddalena Grassi ha sido reconocida como personalidad jur\u00eddica tanto a nivel regional como nacional [&hellip;]\" \/>\n<meta property=\"og:url\" content=\"https:\/\/www.fondazionemaddalenagrassi.it\/es\/quienes-somos\/estructura-organizacional\/\" \/>\n<meta property=\"og:site_name\" content=\"Fondazione Maddalena Grassi\" \/>\n<meta property=\"article:publisher\" content=\"https:\/\/www.facebook.com\/FondazioneMaddalenaGrassi\" \/>\n<meta property=\"article:modified_time\" content=\"2024-10-08T21:13:53+00:00\" \/>\n<meta property=\"og:image\" content=\"https:\/\/www.fondazionemaddalenagrassi.it\/wp-content\/uploads\/2024\/07\/1540290362772.jpeg\" \/>\n\t<meta property=\"og:image:width\" content=\"500\" \/>\n\t<meta property=\"og:image:height\" content=\"500\" \/>\n\t<meta property=\"og:image:type\" content=\"image\/jpeg\" \/>\n<meta name=\"twitter:card\" content=\"summary_large_image\" \/>\n<meta name=\"twitter:label1\" content=\"Tiempo de lectura\" \/>\n\t<meta name=\"twitter:data1\" content=\"2 minutos\" \/>\n<script type=\"application\/ld+json\" class=\"yoast-schema-graph\">{\"@context\":\"https:\\\/\\\/schema.org\",\"@graph\":[{\"@type\":\"WebPage\",\"@id\":\"https:\\\/\\\/www.fondazionemaddalenagrassi.it\\\/es\\\/quienes-somos\\\/estructura-organizacional\\\/\",\"url\":\"https:\\\/\\\/www.fondazionemaddalenagrassi.it\\\/es\\\/quienes-somos\\\/estructura-organizacional\\\/\",\"name\":\"Governance - Fondazione Maddalena Grassi\",\"isPartOf\":{\"@id\":\"https:\\\/\\\/www.fondazionemaddalenagrassi.it\\\/es\\\/#website\"},\"primaryImageOfPage\":{\"@id\":\"https:\\\/\\\/www.fondazionemaddalenagrassi.it\\\/es\\\/quienes-somos\\\/estructura-organizacional\\\/#primaryimage\"},\"image\":{\"@id\":\"https:\\\/\\\/www.fondazionemaddalenagrassi.it\\\/es\\\/quienes-somos\\\/estructura-organizacional\\\/#primaryimage\"},\"thumbnailUrl\":\"https:\\\/\\\/www.fondazionemaddalenagrassi.it\\\/wp-content\\\/uploads\\\/2024\\\/07\\\/1540290362772.jpeg\",\"datePublished\":\"2024-05-29T10:01:43+00:00\",\"dateModified\":\"2024-10-08T21:13:53+00:00\",\"breadcrumb\":{\"@id\":\"https:\\\/\\\/www.fondazionemaddalenagrassi.it\\\/es\\\/quienes-somos\\\/estructura-organizacional\\\/#breadcrumb\"},\"inLanguage\":\"es\",\"potentialAction\":[{\"@type\":\"ReadAction\",\"target\":[\"https:\\\/\\\/www.fondazionemaddalenagrassi.it\\\/es\\\/quienes-somos\\\/estructura-organizacional\\\/\"]}]},{\"@type\":\"ImageObject\",\"inLanguage\":\"es\",\"@id\":\"https:\\\/\\\/www.fondazionemaddalenagrassi.it\\\/es\\\/quienes-somos\\\/estructura-organizacional\\\/#primaryimage\",\"url\":\"https:\\\/\\\/www.fondazionemaddalenagrassi.it\\\/wp-content\\\/uploads\\\/2024\\\/07\\\/1540290362772.jpeg\",\"contentUrl\":\"https:\\\/\\\/www.fondazionemaddalenagrassi.it\\\/wp-content\\\/uploads\\\/2024\\\/07\\\/1540290362772.jpeg\"},{\"@type\":\"BreadcrumbList\",\"@id\":\"https:\\\/\\\/www.fondazionemaddalenagrassi.it\\\/es\\\/quienes-somos\\\/estructura-organizacional\\\/#breadcrumb\",\"itemListElement\":[{\"@type\":\"ListItem\",\"position\":1,\"name\":\"Home\",\"item\":\"https:\\\/\\\/www.fondazionemaddalenagrassi.it\\\/es\\\/\"},{\"@type\":\"ListItem\",\"position\":2,\"name\":\"Quienes somos\",\"item\":\"https:\\\/\\\/www.fondazionemaddalenagrassi.it\\\/es\\\/chi-siamo\\\/\"},{\"@type\":\"ListItem\",\"position\":3,\"name\":\"Governance\"}]},{\"@type\":\"WebSite\",\"@id\":\"https:\\\/\\\/www.fondazionemaddalenagrassi.it\\\/es\\\/#website\",\"url\":\"https:\\\/\\\/www.fondazionemaddalenagrassi.it\\\/es\\\/\",\"name\":\"Fondazione Maddalena Grassi\",\"description\":\"Ente senza scopo di lucro che opera nel campo dell\u2019assistenza sanitaria, domiciliare e residenziale.\",\"publisher\":{\"@id\":\"https:\\\/\\\/www.fondazionemaddalenagrassi.it\\\/es\\\/#organization\"},\"potentialAction\":[{\"@type\":\"SearchAction\",\"target\":{\"@type\":\"EntryPoint\",\"urlTemplate\":\"https:\\\/\\\/www.fondazionemaddalenagrassi.it\\\/es\\\/?s={search_term_string}\"},\"query-input\":{\"@type\":\"PropertyValueSpecification\",\"valueRequired\":true,\"valueName\":\"search_term_string\"}}],\"inLanguage\":\"es\"},{\"@type\":\"Organization\",\"@id\":\"https:\\\/\\\/www.fondazionemaddalenagrassi.it\\\/es\\\/#organization\",\"name\":\"Fondazione Maddalena Grassi\",\"url\":\"https:\\\/\\\/www.fondazionemaddalenagrassi.it\\\/es\\\/\",\"logo\":{\"@type\":\"ImageObject\",\"inLanguage\":\"es\",\"@id\":\"https:\\\/\\\/www.fondazionemaddalenagrassi.it\\\/es\\\/#\\\/schema\\\/logo\\\/image\\\/\",\"url\":\"https:\\\/\\\/www.fondazionemaddalenagrassi.it\\\/wp-content\\\/uploads\\\/2024\\\/05\\\/fondazione-maddalena-grassi-logo.png\",\"contentUrl\":\"https:\\\/\\\/www.fondazionemaddalenagrassi.it\\\/wp-content\\\/uploads\\\/2024\\\/05\\\/fondazione-maddalena-grassi-logo.png\",\"width\":1417,\"height\":1417,\"caption\":\"Fondazione Maddalena Grassi\"},\"image\":{\"@id\":\"https:\\\/\\\/www.fondazionemaddalenagrassi.it\\\/es\\\/#\\\/schema\\\/logo\\\/image\\\/\"},\"sameAs\":[\"https:\\\/\\\/www.facebook.com\\\/FondazioneMaddalenaGrassi\",\"https:\\\/\\\/www.instagram.com\\\/fondazionemaddalenagrassi\\\/\",\"https:\\\/\\\/www.linkedin.com\\\/company\\\/fondazione-maddalena-grassi\\\/?originalSubdomain=it\"]}]}<\/script>\n<!-- \/ Yoast SEO plugin. -->","yoast_head_json":{"title":"Governance - Fondazione Maddalena Grassi","robots":{"index":"index","follow":"follow","max-snippet":"max-snippet:-1","max-image-preview":"max-image-preview:large","max-video-preview":"max-video-preview:-1"},"canonical":"https:\/\/www.fondazionemaddalenagrassi.it\/es\/quienes-somos\/estructura-organizacional\/","og_locale":"es_ES","og_type":"article","og_title":"Governance - Fondazione Maddalena Grassi","og_description":"Governance Fondazione Maddalena Grassi atiende a sus pacientes con el m\u00e1ximo compromiso y profesionalidad. La Fundaci\u00f3n Maddalena Grassi ha sido reconocida como personalidad jur\u00eddica tanto a nivel regional como nacional [&hellip;]","og_url":"https:\/\/www.fondazionemaddalenagrassi.it\/es\/quienes-somos\/estructura-organizacional\/","og_site_name":"Fondazione Maddalena Grassi","article_publisher":"https:\/\/www.facebook.com\/FondazioneMaddalenaGrassi","article_modified_time":"2024-10-08T21:13:53+00:00","og_image":[{"width":500,"height":500,"url":"https:\/\/www.fondazionemaddalenagrassi.it\/wp-content\/uploads\/2024\/07\/1540290362772.jpeg","type":"image\/jpeg"}],"twitter_card":"summary_large_image","twitter_misc":{"Tiempo de lectura":"2 minutos"},"schema":{"@context":"https:\/\/schema.org","@graph":[{"@type":"WebPage","@id":"https:\/\/www.fondazionemaddalenagrassi.it\/es\/quienes-somos\/estructura-organizacional\/","url":"https:\/\/www.fondazionemaddalenagrassi.it\/es\/quienes-somos\/estructura-organizacional\/","name":"Governance - Fondazione Maddalena Grassi","isPartOf":{"@id":"https:\/\/www.fondazionemaddalenagrassi.it\/es\/#website"},"primaryImageOfPage":{"@id":"https:\/\/www.fondazionemaddalenagrassi.it\/es\/quienes-somos\/estructura-organizacional\/#primaryimage"},"image":{"@id":"https:\/\/www.fondazionemaddalenagrassi.it\/es\/quienes-somos\/estructura-organizacional\/#primaryimage"},"thumbnailUrl":"https:\/\/www.fondazionemaddalenagrassi.it\/wp-content\/uploads\/2024\/07\/1540290362772.jpeg","datePublished":"2024-05-29T10:01:43+00:00","dateModified":"2024-10-08T21:13:53+00:00","breadcrumb":{"@id":"https:\/\/www.fondazionemaddalenagrassi.it\/es\/quienes-somos\/estructura-organizacional\/#breadcrumb"},"inLanguage":"es","potentialAction":[{"@type":"ReadAction","target":["https:\/\/www.fondazionemaddalenagrassi.it\/es\/quienes-somos\/estructura-organizacional\/"]}]},{"@type":"ImageObject","inLanguage":"es","@id":"https:\/\/www.fondazionemaddalenagrassi.it\/es\/quienes-somos\/estructura-organizacional\/#primaryimage","url":"https:\/\/www.fondazionemaddalenagrassi.it\/wp-content\/uploads\/2024\/07\/1540290362772.jpeg","contentUrl":"https:\/\/www.fondazionemaddalenagrassi.it\/wp-content\/uploads\/2024\/07\/1540290362772.jpeg"},{"@type":"BreadcrumbList","@id":"https:\/\/www.fondazionemaddalenagrassi.it\/es\/quienes-somos\/estructura-organizacional\/#breadcrumb","itemListElement":[{"@type":"ListItem","position":1,"name":"Home","item":"https:\/\/www.fondazionemaddalenagrassi.it\/es\/"},{"@type":"ListItem","position":2,"name":"Quienes somos","item":"https:\/\/www.fondazionemaddalenagrassi.it\/es\/chi-siamo\/"},{"@type":"ListItem","position":3,"name":"Governance"}]},{"@type":"WebSite","@id":"https:\/\/www.fondazionemaddalenagrassi.it\/es\/#website","url":"https:\/\/www.fondazionemaddalenagrassi.it\/es\/","name":"Fondazione Maddalena Grassi","description":"Ente senza scopo di lucro che opera nel campo dell\u2019assistenza sanitaria, domiciliare e residenziale.","publisher":{"@id":"https:\/\/www.fondazionemaddalenagrassi.it\/es\/#organization"},"potentialAction":[{"@type":"SearchAction","target":{"@type":"EntryPoint","urlTemplate":"https:\/\/www.fondazionemaddalenagrassi.it\/es\/?s={search_term_string}"},"query-input":{"@type":"PropertyValueSpecification","valueRequired":true,"valueName":"search_term_string"}}],"inLanguage":"es"},{"@type":"Organization","@id":"https:\/\/www.fondazionemaddalenagrassi.it\/es\/#organization","name":"Fondazione Maddalena Grassi","url":"https:\/\/www.fondazionemaddalenagrassi.it\/es\/","logo":{"@type":"ImageObject","inLanguage":"es","@id":"https:\/\/www.fondazionemaddalenagrassi.it\/es\/#\/schema\/logo\/image\/","url":"https:\/\/www.fondazionemaddalenagrassi.it\/wp-content\/uploads\/2024\/05\/fondazione-maddalena-grassi-logo.png","contentUrl":"https:\/\/www.fondazionemaddalenagrassi.it\/wp-content\/uploads\/2024\/05\/fondazione-maddalena-grassi-logo.png","width":1417,"height":1417,"caption":"Fondazione Maddalena Grassi"},"image":{"@id":"https:\/\/www.fondazionemaddalenagrassi.it\/es\/#\/schema\/logo\/image\/"},"sameAs":["https:\/\/www.facebook.com\/FondazioneMaddalenaGrassi","https:\/\/www.instagram.com\/fondazionemaddalenagrassi\/","https:\/\/www.linkedin.com\/company\/fondazione-maddalena-grassi\/?originalSubdomain=it"]}]}},"_links":{"self":[{"href":"https:\/\/www.fondazionemaddalenagrassi.it\/es\/wp-json\/wp\/v2\/pages\/4649","targetHints":{"allow":["GET"]}}],"collection":[{"href":"https:\/\/www.fondazionemaddalenagrassi.it\/es\/wp-json\/wp\/v2\/pages"}],"about":[{"href":"https:\/\/www.fondazionemaddalenagrassi.it\/es\/wp-json\/wp\/v2\/types\/page"}],"author":[{"embeddable":true,"href":"https:\/\/www.fondazionemaddalenagrassi.it\/es\/wp-json\/wp\/v2\/users\/2"}],"replies":[{"embeddable":true,"href":"https:\/\/www.fondazionemaddalenagrassi.it\/es\/wp-json\/wp\/v2\/comments?post=4649"}],"version-history":[{"count":5,"href":"https:\/\/www.fondazionemaddalenagrassi.it\/es\/wp-json\/wp\/v2\/pages\/4649\/revisions"}],"predecessor-version":[{"id":7203,"href":"https:\/\/www.fondazionemaddalenagrassi.it\/es\/wp-json\/wp\/v2\/pages\/4649\/revisions\/7203"}],"up":[{"embeddable":true,"href":"https:\/\/www.fondazionemaddalenagrassi.it\/es\/wp-json\/wp\/v2\/pages\/4635"}],"wp:attachment":[{"href":"https:\/\/www.fondazionemaddalenagrassi.it\/es\/wp-json\/wp\/v2\/media?parent=4649"}],"curies":[{"name":"wp","href":"https:\/\/api.w.org\/{rel}","templated":true}]}}