{"id":4643,"date":"2024-05-29T10:01:57","date_gmt":"2024-05-29T10:01:57","guid":{"rendered":"https:\/\/www.fondazionemaddalenagrassi.it\/quienes-somos\/profesionales\/"},"modified":"2024-10-08T21:13:18","modified_gmt":"2024-10-08T21:13:18","slug":"profesionales","status":"publish","type":"page","link":"https:\/\/www.fondazionemaddalenagrassi.it\/es\/quienes-somos\/profesionales\/","title":{"rendered":"Profesionales"},"content":{"rendered":"\t\t<div data-elementor-type=\"wp-page\" data-elementor-id=\"4643\" class=\"elementor elementor-4643 elementor-61\" data-elementor-post-type=\"page\">\n\t\t\t\t<div class=\"elementor-element elementor-element-57e3fd4e e-con-full e-flex e-con e-parent\" data-id=\"57e3fd4e\" data-element_type=\"container\" data-e-type=\"container\" data-settings=\"{&quot;background_background&quot;:&quot;gradient&quot;}\">\n\t\t<div class=\"elementor-element elementor-element-40e77b4a e-flex e-con-boxed e-con e-child\" data-id=\"40e77b4a\" data-element_type=\"container\" data-e-type=\"container\" data-settings=\"{&quot;background_background&quot;:&quot;classic&quot;,&quot;background_motion_fx_motion_fx_scrolling&quot;:&quot;yes&quot;,&quot;background_motion_fx_translateY_effect&quot;:&quot;yes&quot;,&quot;background_motion_fx_translateY_speed&quot;:{&quot;unit&quot;:&quot;px&quot;,&quot;size&quot;:4,&quot;sizes&quot;:[]},&quot;background_motion_fx_translateY_affectedRange&quot;:{&quot;unit&quot;:&quot;%&quot;,&quot;size&quot;:&quot;&quot;,&quot;sizes&quot;:{&quot;start&quot;:0,&quot;end&quot;:100}},&quot;background_motion_fx_devices&quot;:[&quot;desktop&quot;,&quot;tablet&quot;,&quot;mobile&quot;]}\">\n\t\t\t\t\t<div class=\"e-con-inner\">\n\t\t\t\t\t<\/div>\n\t\t\t\t<\/div>\n\t\t\t\t<\/div>\n\t\t<div class=\"elementor-element elementor-element-7abe144 e-flex e-con-boxed e-con e-parent\" data-id=\"7abe144\" data-element_type=\"container\" data-e-type=\"container\">\n\t\t\t\t\t<div class=\"e-con-inner\">\n\t\t\t\t\t<\/div>\n\t\t\t\t<\/div>\n\t\t<div class=\"elementor-element elementor-element-5d06f840 e-con-full e-flex e-con e-parent\" data-id=\"5d06f840\" data-element_type=\"container\" data-e-type=\"container\" data-settings=\"{&quot;background_background&quot;:&quot;classic&quot;}\">\n\t\t<div class=\"elementor-element elementor-element-5a919b23 e-flex e-con-boxed e-con e-child\" data-id=\"5a919b23\" data-element_type=\"container\" data-e-type=\"container\">\n\t\t\t\t\t<div class=\"e-con-inner\">\n\t\t\t\t<div class=\"elementor-element elementor-element-4620b167 elementor-widget elementor-widget-heading\" data-id=\"4620b167\" data-element_type=\"widget\" data-e-type=\"widget\" data-widget_type=\"heading.default\">\n\t\t\t\t<div class=\"elementor-widget-container\">\n\t\t\t\t\t<h1 class=\"elementor-heading-title elementor-size-default\">Profesionales<\/h1>\t\t\t\t<\/div>\n\t\t\t\t<\/div>\n\t\t\t\t<div class=\"elementor-element elementor-element-3e3bb3e elementor-widget-divider--view-line elementor-widget elementor-widget-divider\" data-id=\"3e3bb3e\" data-element_type=\"widget\" data-e-type=\"widget\" data-widget_type=\"divider.default\">\n\t\t\t\t<div class=\"elementor-widget-container\">\n\t\t\t\t\t\t\t<div class=\"elementor-divider\">\n\t\t\t<span class=\"elementor-divider-separator\">\n\t\t\t\t\t\t<\/span>\n\t\t<\/div>\n\t\t\t\t\t\t<\/div>\n\t\t\t\t<\/div>\n\t\t\t\t\t<\/div>\n\t\t\t\t<\/div>\n\t\t\t\t<\/div>\n\t\t<div class=\"elementor-element elementor-element-6e7fce5b e-con-full e-flex e-con e-parent\" data-id=\"6e7fce5b\" data-element_type=\"container\" data-e-type=\"container\" data-settings=\"{&quot;background_background&quot;:&quot;classic&quot;}\">\n\t\t<div class=\"elementor-element elementor-element-250e59e5 e-con-full e-flex e-con e-child\" data-id=\"250e59e5\" data-element_type=\"container\" data-e-type=\"container\" data-settings=\"{&quot;background_background&quot;:&quot;classic&quot;}\">\n\t\t\t\t<div class=\"elementor-element elementor-element-657f55fb elementor-widget-tablet__width-inherit elementor-widget elementor-widget-text-editor\" data-id=\"657f55fb\" data-element_type=\"widget\" data-e-type=\"widget\" data-widget_type=\"text-editor.default\">\n\t\t\t\t<div class=\"elementor-widget-container\">\n\t\t\t\t\t\t\t\t\t<h3><span style=\"color: #ffffff;\">El trabajo de cada profesional contribuye a la calidad de la atenci\u00f3n al paciente, ayudando a determinar objetivos y caminos y a cumplir con los requisitos requeridos para cada servicio.<\/span>< \/ h3><\/p>\n\t\t\t\t\t\t\t\t<\/div>\n\t\t\t\t<\/div>\n\t\t\t\t<\/div>\n\t\t<div class=\"elementor-element elementor-element-39b1543a e-con-full e-flex e-con e-child\" data-id=\"39b1543a\" data-element_type=\"container\" data-e-type=\"container\">\n\t\t<div class=\"elementor-element elementor-element-dcf1c17 e-con-full e-flex e-con e-child\" data-id=\"dcf1c17\" data-element_type=\"container\" data-e-type=\"container\">\n\t\t\t\t<div class=\"elementor-element elementor-element-e30a0dc elementor-widget elementor-widget-text-editor\" data-id=\"e30a0dc\" data-element_type=\"widget\" data-e-type=\"widget\" data-widget_type=\"text-editor.default\">\n\t\t\t\t<div class=\"elementor-widget-container\">\n\t\t\t\t\t\t\t\t\t<p><b>400 trabajadores activos en diversas capacidades:<\/b><\/p>\n\t\t\t\t\t\t\t\t<\/div>\n\t\t\t\t<\/div>\n\t\t\t\t<\/div>\n\t\t<div class=\"elementor-element elementor-element-46dc996 e-con-full e-flex e-con e-child\" data-id=\"46dc996\" data-element_type=\"container\" data-e-type=\"container\">\n\t\t\t\t<div class=\"elementor-element elementor-element-dae41eb elementor-widget__width-inherit elementor-widget elementor-widget-text-editor\" data-id=\"dae41eb\" data-element_type=\"widget\" data-e-type=\"widget\" data-widget_type=\"text-editor.default\">\n\t\t\t\t<div class=\"elementor-widget-container\">\n\t\t\t\t\t\t\t\t\t<p><strong>PERSONAS EN LA OFICINA<\/strong><\/p>\n<ul>\n<li>DIRECCI\u00d3N GENERAL<\/li>\n<li>DIRECCI\u00d3N ADMINISTRATIVA<\/li>\n<li > GESTI\u00d3N DE SALUD<\/li>\n<li>GERENTE DE SALUD RSD<\/li>\n<li>GERENTE ADMINISTRATIVO<\/li>\n<li>GERENTE EDP<\/li>\n<li>ADMINISTRACI\u00d3N &#8211; OFICINA DE PERSONAL<\/li>\n<li>RELACIONES GERENTE INSTITUCIONAL<\/li>\n<li>OFICINA DE COMUNICACIONES<\/li>\n<\/ul>\n\t\t\t\t\t\t\t\t<\/div>\n\t\t\t\t<\/div>\n\t\t\t\t<div class=\"elementor-element elementor-element-6f6f5e71 elementor-widget__width-inherit elementor-widget elementor-widget-text-editor\" data-id=\"6f6f5e71\" data-element_type=\"widget\" data-e-type=\"widget\" data-widget_type=\"text-editor.default\">\n\t\t\t\t<div class=\"elementor-widget-container\">\n\t\t\t\t\t\t\t\t\t<p><b>PERSONAS EN EL CAMPO<\/b><\/p>\n<ul>\n<li>M\u00c9DICOS<\/li>\n<li>ENFERMERAS<\/li>\n<li>EDUCADORES<\/li>\n<li>FISIOTERAPEUTAS< \/li>\n<li> li>\n<li>TERAPEUTAS NEUROPSICOMOTORES DE LA EDAD DEL DESARROLLO<\/li>\n<li>TERAPEUTA OCUPACIONAL<\/li>\n<li>FONOLOG\u00cdA<\/li>\n<li>PSICOLOGOS<\/li>\n<li>TRABAJADORES SOCIALES DE SALUD<\/li>\n<li>CAPL\u00c1N<\/li>\n<\/ul>\n\t\t\t\t\t\t\t\t<\/div>\n\t\t\t\t<\/div>\n\t\t\t\t<\/div>\n\t\t\t\t<\/div>\n\t\t\t\t<\/div>\n\t\t<div class=\"elementor-element elementor-element-8bef23e e-flex e-con-boxed e-con e-parent\" data-id=\"8bef23e\" data-element_type=\"container\" data-e-type=\"container\">\n\t\t\t\t\t<div class=\"e-con-inner\">\n\t\t\t\t<div class=\"elementor-element elementor-element-6418440 elementor-widget__width-inherit elementor-widget elementor-widget-text-editor\" data-id=\"6418440\" data-element_type=\"widget\" data-e-type=\"widget\" data-widget_type=\"text-editor.default\">\n\t\t\t\t<div class=\"elementor-widget-container\">\n\t\t\t\t\t\t\t\t\t<h3><strong>Asistencia espiritual<\/strong><\/h3>\n<p>El cuidado espiritual de la persona es parte de la experiencia de la Fundaci\u00f3n Maddalena Grassi, es decir, la respuesta a la necesidad y al sentido religioso intr\u00ednseco a la naturaleza del hombre.\u00a0<\/p>\n<p>Por este motivo, la Fundaci\u00f3n Maddalena Grassi colabora con un capell\u00e1n que visita diariamente a los pacientes, administr\u00e1ndoles los sacramentos y poni\u00e9ndose a disposici\u00f3n de la compa\u00f1\u00eda humana.<\/p>\n<p>Don Vincent Nagle visita a los dos pacientes alojados en las instalaciones y pacientes (Atenci\u00f3n Domiciliaria, Cuidados Paliativos Domiciliarios) que requieran su presencia.<\/p>\n<blockquote>\n<p>\u201cAntes de ser capell\u00e1n aqu\u00ed, pensaba que el contenido de la compa\u00f1\u00eda cristiana era el bien, la verdad, la belleza, justicia&#8230; Hermosas palabras, que emergen poderosamente en una vida compartida, por un ideal vivo entre nosotros. Ahora me doy cuenta de que s\u00f3lo hay un contenido de nuestra empresa: se llama misericordia. Todo lo dem\u00e1s es fruto de ello. La verdad emerge en la carne donde ya no se tiene miedo a la realidad. La verdad emerge en un encuentro sin escudos, sin reservas, sin \u00abperos\u00bb con la realidad, donde gu\u00eda la curiosidad y el deseo, no el miedo. Pero \u00bfc\u00f3mo es posible este encuentro con una realidad como \u00e9sta? S\u00f3lo en misericordia. \u00bfQu\u00e9 es tambi\u00e9n la belleza sino colaborar con la realidad? Este es el fruto de la misericordia.\u201d<\/p>\n<\/blockquote>\n<p>Don Vincent Nagle, capell\u00e1n de la Fundaci\u00f3n Maddalena Grassi<\/p>\n\t\t\t\t\t\t\t\t<\/div>\n\t\t\t\t<\/div>\n\t\t\t\t\t<\/div>\n\t\t\t\t<\/div>\n\t\t\t\t<\/div>\n\t\t","protected":false},"excerpt":{"rendered":"<p>Profesionales El trabajo de cada profesional contribuye a la calidad de la atenci\u00f3n al paciente, ayudando a determinar objetivos y caminos y a cumplir con los requisitos requeridos para cada [&hellip;]<\/p>\n","protected":false},"author":2,"featured_media":0,"parent":4635,"menu_order":0,"comment_status":"closed","ping_status":"closed","template":"","meta":{"footnotes":""},"class_list":["post-4643","page","type-page","status-publish","hentry"],"yoast_head":"<!-- This site is optimized with the Yoast SEO plugin v27.4 - https:\/\/yoast.com\/product\/yoast-seo-wordpress\/ -->\n<title>Profesionales - Fondazione Maddalena Grassi<\/title>\n<meta name=\"robots\" content=\"index, follow, max-snippet:-1, max-image-preview:large, max-video-preview:-1\" \/>\n<link rel=\"canonical\" href=\"https:\/\/www.fondazionemaddalenagrassi.it\/es\/quienes-somos\/profesionales\/\" \/>\n<meta property=\"og:locale\" content=\"es_ES\" \/>\n<meta property=\"og:type\" content=\"article\" \/>\n<meta property=\"og:title\" content=\"Profesionales - Fondazione Maddalena Grassi\" \/>\n<meta property=\"og:description\" content=\"Profesionales El trabajo de cada profesional contribuye a la calidad de la atenci\u00f3n al paciente, ayudando a determinar objetivos y caminos y a cumplir con los requisitos requeridos para cada [&hellip;]\" \/>\n<meta property=\"og:url\" content=\"https:\/\/www.fondazionemaddalenagrassi.it\/es\/quienes-somos\/profesionales\/\" \/>\n<meta property=\"og:site_name\" content=\"Fondazione Maddalena Grassi\" \/>\n<meta property=\"article:publisher\" content=\"https:\/\/www.facebook.com\/FondazioneMaddalenaGrassi\" \/>\n<meta property=\"article:modified_time\" content=\"2024-10-08T21:13:18+00:00\" \/>\n<meta name=\"twitter:card\" content=\"summary_large_image\" \/>\n<meta name=\"twitter:label1\" content=\"Tiempo de lectura\" \/>\n\t<meta name=\"twitter:data1\" content=\"2 minutos\" \/>\n<script type=\"application\/ld+json\" class=\"yoast-schema-graph\">{\"@context\":\"https:\\\/\\\/schema.org\",\"@graph\":[{\"@type\":\"WebPage\",\"@id\":\"https:\\\/\\\/www.fondazionemaddalenagrassi.it\\\/es\\\/quienes-somos\\\/profesionales\\\/\",\"url\":\"https:\\\/\\\/www.fondazionemaddalenagrassi.it\\\/es\\\/quienes-somos\\\/profesionales\\\/\",\"name\":\"Profesionales - Fondazione Maddalena Grassi\",\"isPartOf\":{\"@id\":\"https:\\\/\\\/www.fondazionemaddalenagrassi.it\\\/es\\\/#website\"},\"datePublished\":\"2024-05-29T10:01:57+00:00\",\"dateModified\":\"2024-10-08T21:13:18+00:00\",\"breadcrumb\":{\"@id\":\"https:\\\/\\\/www.fondazionemaddalenagrassi.it\\\/es\\\/quienes-somos\\\/profesionales\\\/#breadcrumb\"},\"inLanguage\":\"es\",\"potentialAction\":[{\"@type\":\"ReadAction\",\"target\":[\"https:\\\/\\\/www.fondazionemaddalenagrassi.it\\\/es\\\/quienes-somos\\\/profesionales\\\/\"]}]},{\"@type\":\"BreadcrumbList\",\"@id\":\"https:\\\/\\\/www.fondazionemaddalenagrassi.it\\\/es\\\/quienes-somos\\\/profesionales\\\/#breadcrumb\",\"itemListElement\":[{\"@type\":\"ListItem\",\"position\":1,\"name\":\"Home\",\"item\":\"https:\\\/\\\/www.fondazionemaddalenagrassi.it\\\/es\\\/\"},{\"@type\":\"ListItem\",\"position\":2,\"name\":\"Quienes somos\",\"item\":\"https:\\\/\\\/www.fondazionemaddalenagrassi.it\\\/es\\\/chi-siamo\\\/\"},{\"@type\":\"ListItem\",\"position\":3,\"name\":\"Profesionales\"}]},{\"@type\":\"WebSite\",\"@id\":\"https:\\\/\\\/www.fondazionemaddalenagrassi.it\\\/es\\\/#website\",\"url\":\"https:\\\/\\\/www.fondazionemaddalenagrassi.it\\\/es\\\/\",\"name\":\"Fondazione Maddalena Grassi\",\"description\":\"Ente senza scopo di lucro che opera nel campo dell\u2019assistenza sanitaria, domiciliare e residenziale.\",\"publisher\":{\"@id\":\"https:\\\/\\\/www.fondazionemaddalenagrassi.it\\\/es\\\/#organization\"},\"potentialAction\":[{\"@type\":\"SearchAction\",\"target\":{\"@type\":\"EntryPoint\",\"urlTemplate\":\"https:\\\/\\\/www.fondazionemaddalenagrassi.it\\\/es\\\/?s={search_term_string}\"},\"query-input\":{\"@type\":\"PropertyValueSpecification\",\"valueRequired\":true,\"valueName\":\"search_term_string\"}}],\"inLanguage\":\"es\"},{\"@type\":\"Organization\",\"@id\":\"https:\\\/\\\/www.fondazionemaddalenagrassi.it\\\/es\\\/#organization\",\"name\":\"Fondazione Maddalena Grassi\",\"url\":\"https:\\\/\\\/www.fondazionemaddalenagrassi.it\\\/es\\\/\",\"logo\":{\"@type\":\"ImageObject\",\"inLanguage\":\"es\",\"@id\":\"https:\\\/\\\/www.fondazionemaddalenagrassi.it\\\/es\\\/#\\\/schema\\\/logo\\\/image\\\/\",\"url\":\"https:\\\/\\\/www.fondazionemaddalenagrassi.it\\\/wp-content\\\/uploads\\\/2024\\\/05\\\/fondazione-maddalena-grassi-logo.png\",\"contentUrl\":\"https:\\\/\\\/www.fondazionemaddalenagrassi.it\\\/wp-content\\\/uploads\\\/2024\\\/05\\\/fondazione-maddalena-grassi-logo.png\",\"width\":1417,\"height\":1417,\"caption\":\"Fondazione Maddalena Grassi\"},\"image\":{\"@id\":\"https:\\\/\\\/www.fondazionemaddalenagrassi.it\\\/es\\\/#\\\/schema\\\/logo\\\/image\\\/\"},\"sameAs\":[\"https:\\\/\\\/www.facebook.com\\\/FondazioneMaddalenaGrassi\",\"https:\\\/\\\/www.instagram.com\\\/fondazionemaddalenagrassi\\\/\",\"https:\\\/\\\/www.linkedin.com\\\/company\\\/fondazione-maddalena-grassi\\\/?originalSubdomain=it\"]}]}<\/script>\n<!-- \/ Yoast SEO plugin. -->","yoast_head_json":{"title":"Profesionales - Fondazione Maddalena Grassi","robots":{"index":"index","follow":"follow","max-snippet":"max-snippet:-1","max-image-preview":"max-image-preview:large","max-video-preview":"max-video-preview:-1"},"canonical":"https:\/\/www.fondazionemaddalenagrassi.it\/es\/quienes-somos\/profesionales\/","og_locale":"es_ES","og_type":"article","og_title":"Profesionales - Fondazione Maddalena Grassi","og_description":"Profesionales El trabajo de cada profesional contribuye a la calidad de la atenci\u00f3n al paciente, ayudando a determinar objetivos y caminos y a cumplir con los requisitos requeridos para cada [&hellip;]","og_url":"https:\/\/www.fondazionemaddalenagrassi.it\/es\/quienes-somos\/profesionales\/","og_site_name":"Fondazione Maddalena Grassi","article_publisher":"https:\/\/www.facebook.com\/FondazioneMaddalenaGrassi","article_modified_time":"2024-10-08T21:13:18+00:00","twitter_card":"summary_large_image","twitter_misc":{"Tiempo de lectura":"2 minutos"},"schema":{"@context":"https:\/\/schema.org","@graph":[{"@type":"WebPage","@id":"https:\/\/www.fondazionemaddalenagrassi.it\/es\/quienes-somos\/profesionales\/","url":"https:\/\/www.fondazionemaddalenagrassi.it\/es\/quienes-somos\/profesionales\/","name":"Profesionales - Fondazione Maddalena Grassi","isPartOf":{"@id":"https:\/\/www.fondazionemaddalenagrassi.it\/es\/#website"},"datePublished":"2024-05-29T10:01:57+00:00","dateModified":"2024-10-08T21:13:18+00:00","breadcrumb":{"@id":"https:\/\/www.fondazionemaddalenagrassi.it\/es\/quienes-somos\/profesionales\/#breadcrumb"},"inLanguage":"es","potentialAction":[{"@type":"ReadAction","target":["https:\/\/www.fondazionemaddalenagrassi.it\/es\/quienes-somos\/profesionales\/"]}]},{"@type":"BreadcrumbList","@id":"https:\/\/www.fondazionemaddalenagrassi.it\/es\/quienes-somos\/profesionales\/#breadcrumb","itemListElement":[{"@type":"ListItem","position":1,"name":"Home","item":"https:\/\/www.fondazionemaddalenagrassi.it\/es\/"},{"@type":"ListItem","position":2,"name":"Quienes somos","item":"https:\/\/www.fondazionemaddalenagrassi.it\/es\/chi-siamo\/"},{"@type":"ListItem","position":3,"name":"Profesionales"}]},{"@type":"WebSite","@id":"https:\/\/www.fondazionemaddalenagrassi.it\/es\/#website","url":"https:\/\/www.fondazionemaddalenagrassi.it\/es\/","name":"Fondazione Maddalena Grassi","description":"Ente senza scopo di lucro che opera nel campo dell\u2019assistenza sanitaria, domiciliare e residenziale.","publisher":{"@id":"https:\/\/www.fondazionemaddalenagrassi.it\/es\/#organization"},"potentialAction":[{"@type":"SearchAction","target":{"@type":"EntryPoint","urlTemplate":"https:\/\/www.fondazionemaddalenagrassi.it\/es\/?s={search_term_string}"},"query-input":{"@type":"PropertyValueSpecification","valueRequired":true,"valueName":"search_term_string"}}],"inLanguage":"es"},{"@type":"Organization","@id":"https:\/\/www.fondazionemaddalenagrassi.it\/es\/#organization","name":"Fondazione Maddalena Grassi","url":"https:\/\/www.fondazionemaddalenagrassi.it\/es\/","logo":{"@type":"ImageObject","inLanguage":"es","@id":"https:\/\/www.fondazionemaddalenagrassi.it\/es\/#\/schema\/logo\/image\/","url":"https:\/\/www.fondazionemaddalenagrassi.it\/wp-content\/uploads\/2024\/05\/fondazione-maddalena-grassi-logo.png","contentUrl":"https:\/\/www.fondazionemaddalenagrassi.it\/wp-content\/uploads\/2024\/05\/fondazione-maddalena-grassi-logo.png","width":1417,"height":1417,"caption":"Fondazione Maddalena Grassi"},"image":{"@id":"https:\/\/www.fondazionemaddalenagrassi.it\/es\/#\/schema\/logo\/image\/"},"sameAs":["https:\/\/www.facebook.com\/FondazioneMaddalenaGrassi","https:\/\/www.instagram.com\/fondazionemaddalenagrassi\/","https:\/\/www.linkedin.com\/company\/fondazione-maddalena-grassi\/?originalSubdomain=it"]}]}},"_links":{"self":[{"href":"https:\/\/www.fondazionemaddalenagrassi.it\/es\/wp-json\/wp\/v2\/pages\/4643","targetHints":{"allow":["GET"]}}],"collection":[{"href":"https:\/\/www.fondazionemaddalenagrassi.it\/es\/wp-json\/wp\/v2\/pages"}],"about":[{"href":"https:\/\/www.fondazionemaddalenagrassi.it\/es\/wp-json\/wp\/v2\/types\/page"}],"author":[{"embeddable":true,"href":"https:\/\/www.fondazionemaddalenagrassi.it\/es\/wp-json\/wp\/v2\/users\/2"}],"replies":[{"embeddable":true,"href":"https:\/\/www.fondazionemaddalenagrassi.it\/es\/wp-json\/wp\/v2\/comments?post=4643"}],"version-history":[{"count":3,"href":"https:\/\/www.fondazionemaddalenagrassi.it\/es\/wp-json\/wp\/v2\/pages\/4643\/revisions"}],"predecessor-version":[{"id":7202,"href":"https:\/\/www.fondazionemaddalenagrassi.it\/es\/wp-json\/wp\/v2\/pages\/4643\/revisions\/7202"}],"up":[{"embeddable":true,"href":"https:\/\/www.fondazionemaddalenagrassi.it\/es\/wp-json\/wp\/v2\/pages\/4635"}],"wp:attachment":[{"href":"https:\/\/www.fondazionemaddalenagrassi.it\/es\/wp-json\/wp\/v2\/media?parent=4643"}],"curies":[{"name":"wp","href":"https:\/\/api.w.org\/{rel}","templated":true}]}}